{"id":890,"date":"2016-11-09T11:23:01","date_gmt":"2016-11-09T10:23:01","guid":{"rendered":"http:\/\/www.bambergorthodox.de\/?page_id=890"},"modified":"2026-01-09T10:01:44","modified_gmt":"2026-01-09T09:01:44","slug":"kirchliche-musik","status":"publish","type":"page","link":"https:\/\/www.bambergorthodox.de\/?page_id=890","title":{"rendered":"Muzic\u0103 bisericeasc\u0103"},"content":{"rendered":"<span style=\"color: #000000;\">Impresionat \u015fi inspirat* de C\u0103t\u0103lin Fr\u00e2ncu<\/span> <span style=\"color: #000000;\">(<\/span><a title=\"catalin.francu.com\" href=\"http:\/\/catalin.francu.com\" target=\"_blank\" rel=\"noopener noreferrer\">catalin.francu.com<\/a><span style=\"color: #000000;\">), cu mul\u0163umirile de rigoare, am folosit pentru notare programele gratuite &#8222;surs\u0103 deschis\u0103&#8221; Lilypond<\/span> (<a title=\"www.lilypond.org\" href=\"http:\/\/www.lilypond.org\" target=\"_blank\" rel=\"noopener noreferrer\">www.lilypond.org<\/a><span style=\"color: #000000;\">), \u00eempreun\u0103 cu editorul Frescobaldi (<\/span><a title=\"www.frescobaldi.org\" href=\"http:\/\/www.frescobaldi.org\" target=\"_blank\" rel=\"noopener noreferrer\">www.frescobaldi.org<\/a><span style=\"color: #000000;\">).<\/span><\/p>\n<p><span style=\"color: #000000;\">Clic pe <a title=\"Liturghia\" href=\"\/?page_id=1632&amp;lang=ro\" target=\"_blank\" rel=\"noopener noreferrer\">C\u00e2nt\u0103rile Sfintei Liturghii<\/a><\/span><\/p>\n<p><span style=\"color: #000000;\">Pricesne: <\/span><br \/>\n<a title=\"Aliluia - Leonard Cohen\" href=\"\/?page_id=5103&amp;lang=ro\">Aliluia &#8211; Leonard Cohen<\/a><br \/>\n<a title=\"Arat\u0103-\u021bi \u00eendurarea\" href=\"\/?page_id=4922&amp;lang=ro\">Arat\u0103-\u021bi \u00eendurarea<\/a><br \/>\n<a title=\"Arunc\u0103 grija ta spre Domnul - F. Mendelssohn-Bartholdy\" href=\"\/?page_id=1228&amp;lang=ro\">Arunc\u0103 grija ta spre Domnul &#8211; F. Mendelssohn-Bartholdy<\/a><br \/>\n<a title=\"Bl\u00e2ndul P\u0103stor\" href=\"\/?page_id=5081&amp;lang=ro\">Bl\u00e2ndul P\u0103stor<\/a><br \/>\n<a title=\"C\u00e2ndva o voi vedea\" href=\"\/?page_id=7820&amp;lang=ro\">C\u00e2ndva o voi vedea (Andr\u00f2 a vederla un d\u00ec)<\/a><br \/>\n<a title=\"C\u00e2t de m\u0103rit\" href=\"\/?page_id=1206&amp;lang=ro\">C\u00e2t de m\u0103rit<\/a><br \/>\n<a title=\"C\u00e2t de m\u0103rit (variant\u0103)\" href=\"\/?page_id=1205&amp;lang=ro\">C\u00e2t de m\u0103rit (variant\u0103)<\/a><br \/>\n<a title=\"Ce bine e c\u00e2nd fra\u021bii\" href=\"\/?page_id=5096&amp;lang=ro\">Ce bine e c\u00e2nd fra\u021bii<\/a><br \/>\n<a title=\"Deschide\u021bi mari ale cerului por\u021bi - Chr. W. Gluck\" href=\"\/?page_id=5141&amp;lang=ro\">Deschide\u021bi mari ale cerului por\u021bi &#8211; Chr. W. Gluck<\/a><br \/>\n<a title=\"Din tine-i pacea dulce\" href=\"\/?page_id=4897&amp;lang=ro\">Din tine-i pacea dulce<\/a><br \/>\n<a title=\"Doamne, buzele mele\" href=\"\/?page_id=1226&amp;lang=ro\">Doamne, buzele mele<\/a><br \/>\n<a title=\"Eu sunt \u00cenvierea\" href=\"\/?page_id=4017&amp;lang=ro\">Eu sunt \u00cenvierea<\/a><br \/>\n<a title=\"Fie m\u0103rit \u00een veci\" href=\"\/?page_id=4891&amp;lang=ro\">Fie m\u0103rit \u00een veci<\/a><br \/>\n<a title=\"\u00ce\u021bi mul\u021bumesc, Doamne\" href=\"\/?page_id=5041&amp;lang=ro\">\u00ce\u021bi mul\u021bumesc, Doamne<\/a><br \/>\n<a title=\"Mai l\u00e2ng\u0103 Tronul T\u0103u\" href=\"\/?page_id=4587&amp;lang=ro\">Mai l\u00e2ng\u0103 Tronul T\u0103u<\/a><br \/>\n<a title=\"Maica Cerului\" href=\"\/?page_id=4964&amp;lang=ro\">Maica Cerului<\/a><br \/>\n<a title=\"Mare e\u015fti, Doamne!\" href=\"\/?page_id=1186&amp;lang=ro\">Mare e\u015fti, Doamne!<\/a><br \/>\n<a title=\"N\u0103dejdea mea\" href=\"https:\/\/www.bambergorthodox.de\/?page_id=2626&amp;lang=ro\">N\u0103dejdea mea<\/a><br \/>\n<a title=\"Pe Domnul l\u0103uda\u021bi-L\" href=\"https:\/\/www.bambergorthodox.de\/?page_id=3153&amp;lang=ro\">Pe Domnul l\u0103uda\u021bi-L<\/a><br \/>\n<a title=\"Pe Tine, Dumnezeule, Te l\u0103ud\u0103m (Imnul Sf. Ambrozie)\" href=\"\/?page_id=1197&amp;lang=ro\">Pe Tine, Dumnezeule, Te l\u0103ud\u0103m (Imnul Sf. Ambrozie)<\/a><br \/>\n<a title=\"Pentru Tine, Doamne\" href=\"\/?page_id=1204&amp;lang=ro\">Pentru Tine, Doamne<\/a><br \/>\n<a title=\"Prea Sf\u00e2nt\u0103 Maic\u0103 \u0219i Fecioar\u0103\" href=\"\/?page_id=8091&amp;lang=ro\">Prea Sf\u00e2nt\u0103 Maic\u0103 \u0219i Fecioar\u0103<\/a><br \/>\n<a title=\"R\u0103sai asupra mea\" href=\"\/?page_id=4886&amp;lang=ro\">R\u0103sai asupra mea<\/a><br \/>\n<a title=\"Ridica-voi\" href=\"\/?page_id=1207&amp;lang=ro\">Ridica-voi ochii mei la ceruri<\/a><br \/>\n<a title=\"Rug\u0103ciune (M. Eminescu)\" href=\"\/?page_id=1208&amp;lang=ro\">Rug\u0103ciune (M. Eminescu)<\/a><br \/>\n<a title=\"Rug\u0103ciune (variant\u0103)\" href=\"\/?page_id=1203&amp;lang=ro\">Rug\u0103ciune (variant\u0103)<\/a><br \/>\n<a title=\"Rug\u0103ciune - C. Dr\u0103gu\u0219in\" href=\"\/?page_id=3614&amp;lang=ro\">Rug\u0103ciune &#8211; C. Dr\u0103gu\u0219in<\/a><br \/>\n<a title=\"Rug\u0103ciune - I. Popescu-Pas\u0103rea\" href=\"\/?page_id=4915&amp;lang=ro\">Rug\u0103ciune &#8211; I. Popescu-Pas\u0103rea<\/a><br \/>\n<a title=\"Rug\u0103ciunea lui Iisus\" href=\"\/?page_id=4143&amp;lang=ro\">Rug\u0103ciunea lui Iisus (Rug\u0103ciunea inimii)<\/a><br \/>\n<a title=\"S\u0103 faci, o, Iisuse\" href=\"\/?page_id=4904&amp;lang=ro\">S\u0103 faci, o, Iisuse<\/a><br \/>\n<a title=\"Sf\u00e2nt\u0103 Treime\" href=\"\/?page_id=7871&amp;lang=ro\">Sf\u00e2nt\u0103 Treime (Alta Trinit\u00e0 beata)<\/a><\/p>\n<p><span style=\"color: #000000;\">Colinde:<\/span><br \/>\n<a title=\"Am plecat s\u0103 colind\u0103m\" href=\"\/?page_id=2995&amp;lang=ro\">Am plecat s\u0103 colind\u0103m<\/a><br \/>\n<a title=\"Ast\u0103zi s-a n\u0103scut Hristos\" href=\"\/?page_id=3164&amp;lang=ro\">Ast\u0103zi s-a n\u0103scut Hristos<\/a><br \/>\n<a title=\"Bun\u0103 diminea\u021ba la Mo\u0219 Ajun\" href=\"\/?page_id=3007&amp;lang=ro\">Bun\u0103 diminea\u021ba la Mo\u0219 Ajun<\/a><br \/>\n<a title=\"Ce bucurie-ar fi\" href=\"\/?page_id=4953&amp;lang=ro\">Ce bucurie-ar fi<\/a><br \/>\n<a title=\"Cerul \u0219i p\u0103m\u00e2ntul\" href=\"\/?page_id=1587&amp;lang=ro\">Cerul \u0219i p\u0103m\u00e2ntul<\/a><br \/>\n<a title=\"Colind\u0103m iarna\" href=\"\/?page_id=8581&amp;lang=ro\">Colind\u0103m iarna<\/a><br \/>\n<a title=\"Deschide u\u0219a, cre\u0219tine\" href=\"\/?page_id=4957&amp;lang=ro\">Deschide u\u0219a, cre\u0219tine<\/a><br \/>\n<a title=\"Din cer senin\" href=\"\/?page_id=2946&amp;lang=ro\">Din cer senin<\/a><br \/>\n<a title=\"Es ist ein Ros' entsprungen\" href=\"\/?page_id=5220&amp;lang=ro\">Es ist ein Ros&#8217; entsprungen<\/a><br \/>\n<a title=\"Fecioara ast\u0103zi\" href=\"\/?page_id=4563&amp;lang=ro\">Fecioara ast\u0103zi<\/a><br \/>\n<a title=\"Gazde mari, nu mai dormi\u021bi\" href=\"\/?page_id=3023&amp;lang=ro\">Gazde mari, nu mai dormi\u021bi<\/a><br \/>\n<a title=\"In dulci jubilo\" href=\"\/?page_id=3199&amp;lang=ro\">In dulci jubilo<\/a><br \/>\n<a title=\"Joy to the world\" href=\"\/?page_id=3239&amp;lang=ro\">Joy to the world<\/a><br \/>\n<a title=\"Mo\u0219 Cr\u0103ciun\" href=\"\/?page_id=3137&amp;lang=ro\">Mo\u0219 Cr\u0103ciun<\/a><br \/>\n<a title=\"Na\u0219terea Ta, Hristoase\" href=\"\/?page_id=4932&amp;lang=ro\">Na\u0219terea Ta, Hristoase<\/a><br \/>\n<a title=\"Nou\u0103, azi, ne-a r\u0103s\u0103rit\" href=\"\/?page_id=3047&amp;lang=ro\">Nou\u0103, azi, ne-a r\u0103s\u0103rit<\/a><br \/>\n<a title=\"O, ce veste minunat\u0103\" href=\"\/?page_id=6865&amp;lang=ro\">O, ce veste minunat\u0103<\/a><br \/>\n<a title=\"Once in royal David's city\" href=\"\/?page_id=3183&amp;lang=ro\">Once in royal David&#8217;s city<\/a><br \/>\n<a title=\"Pe bolta cerului senin\" href=\"\/?page_id=1576&amp;lang=ro\">Pe bolta cerului senin<\/a><br \/>\n<a title=\"R\u0103sunet bl\u00e2nd de clopo\u021bei\" href=\"\/?page_id=5226&amp;lang=ro\">R\u0103sunet bl\u00e2nd de clopo\u021bei<\/a><br \/>\n<a title=\"Stille Nacht\" href=\"\/?page_id=2970&amp;lang=ro\">Stille Nacht<\/a><br \/>\n<a title=\"Vine Cr\u0103ciunu' pe sar\u0103\" href=\"\/?page_id=1566&amp;lang=ro\">Vine Cr\u0103ciunu&#8217; pe sar\u0103<\/a><\/p>\n<p><span style=\"color: #000000;\">Postul Mare:<\/span><br \/>\n<a title=\"Acestea zice Domnul\" href=\"\/?page_id=1223&amp;lang=ro\">Acestea zice Domnul<\/a><br \/>\n<a title=\"C\u0103mara Ta\" href=\"\/?page_id=1606&amp;lang=ro\">C\u0103mara Ta<\/a><br \/>\n<a title=\"Iat\u0103, Mirele vine\" href=\"\/?page_id=8045&amp;lang=ro\">Iart\u0103-m\u0103, Dumnezeul meu!<\/a><br \/>\n<a title=\"Iart\u0103-m\u0103, Dumnezeul meu!\" href=\"\/?page_id=1234&amp;lang=ro\">Iat\u0103, Mirele vine<\/a><br \/>\n<a title=\"O, frunte-ns\u00e2ngerat\u0103! - J.S.Bach\" href=\"\/?page_id=279&amp;lang=ro\">O, frunte-ns\u00e2ngerat\u0103! &#8211; J. S. Bach<\/a><br \/>\n<a title=\"Psalmul 50\" href=\"\/?page_id=3445&amp;lang=ro\">Psalmul 50<\/a><br \/>\n<a title=\"Veni\u021bi norii de mul\u021bime\" href=\"\/?page_id=3586&amp;lang=ro\">Veni\u021bi norii de mul\u021bime<\/a><\/p>\n<p><span style=\"color: #000000;\">\u00cenviere:<\/span><br \/>\n<a title=\"Concert la \u00cenvierea Domnului\" href=\"\/?page_id=1220&amp;lang=ro\">Concert la \u00cenvierea Domnului<\/a><br \/>\n<a title=\"Din morm\u00e2ntu-ntunecat\" href=\"\/?page_id=2238&amp;lang=ro\">Din morm\u00e2ntu-ntunecat<\/a><br \/>\n<a title=\"Hristos a \u00eenviat\" href=\"\/?page_id=2114&amp;lang=ro\">Hristos a \u00eenviat<\/a><br \/>\n<a title=\"Hristos a \u00eenviat\" href=\"\/?page_id=7091&amp;lang=ro\">\u00cen noaptea \u00cenvierii<\/a><br \/>\n<a title=\"Oster - Troparion\" href=\"https:\/\/www.bambergorthodox.de\/?page_id=2298&amp;lang=ro\">Oster &#8211; Troparion<\/a><\/p>\n<p><span style=\"color: #000000;\">Tropare \u0219i alte c\u00e2nt\u0103ri liturgice:<\/span><br \/>\n<a title=\"Aliluia glas 8 (trifonic) - N. Moldoveanu\" href=\"\/?page_id=1235&amp;lang=ro\">Aliluia glas 8 (trifonic) &#8211; N. Moldoveanu<\/a><br \/>\n<a title=\"Antifonul I (glasul 5) - N. Lungu\" href=\"\/?page_id=1599&amp;lang=ro\">Antifonul I (glasul 5) &#8211; N. Lungu<\/a><br \/>\n<a title=\"Antifonul I (glasul 8) - N. Lungu\" href=\"\/?page_id=6919&amp;lang=ro\">Antifonul I (glasul 8) &#8211; N. Lungu<\/a><br \/>\n<a title=\"Antifonul I (special)\" href=\"\/?page_id=5005&amp;lang=ro\">Antifonul I (special)<\/a><br \/>\n<a title=\"Antifonul al II-lea (special, gl. 1)\" href=\"\/?page_id=5009&amp;lang=ro\">Antifonul al II-lea (special, gl. 1)<\/a><br \/>\n<a title=\"Antifonul al II-lea (special, I. Croitoru)\" href=\"\/?page_id=5016&amp;lang=ro\">Antifonul al II-lea (special, I. Croitoru)<\/a><br \/>\n<a title=\"Ap\u0103r\u0103toare Doamn\u0103\" href=\"\/?page_id=1618&amp;lang=ro\">Ap\u0103r\u0103toare Doamn\u0103<\/a><br \/>\n<a title=\"Ap\u0103r\u0103toare Doamn\u0103 - N. Lungu\" href=\"\/?page_id=3605&amp;lang=ro\">Ap\u0103r\u0103toare Doamn\u0103 &#8211; N. Lungu<\/a><br \/>\n<a title=\"Ca pe \u00cemp\u0103ratul - G. Musicescu\" href=\"\/?page_id=1227&amp;lang=ro\">Ca pe \u00cemp\u0103ratul &#8211; G. Musicescu<\/a><br \/>\n<a title=\"C\u00e2\u021bi \u00een Hristos - I. Bunescu\" href=\"\/?page_id=3481&amp;lang=ro\">C\u00e2\u021bi \u00een Hristos &#8211; I. Bunescu<\/a><br \/>\n<a title=\"Cinei Tale - N. Moldoveanu\" href=\"\/?page_id=1256&amp;lang=ro\">Cinei Tale &#8211; N. Moldoveanu<\/a><br \/>\n<a title=\"Crucii Tale\" href=\"\/?page_id=3752&amp;lang=ro\">Crucii Tale<\/a><br \/>\n<a title=\"Cuvine-se cu adev\u0103rat - D. Bortnianschi\" href=\"\/?page_id=3315&amp;lang=ro\">Cuvine-se cu adev\u0103rat &#8211; D. Bortnianschi<\/a><br \/>\n<a title=\"Cuvine-se cu adev\u0103rat - G. Dima\" href=\"\/?page_id=2770&amp;lang=ro\">Cuvine-se cu adev\u0103rat &#8211; Gh. Dima<\/a><br \/>\n<a title=\"Cuvine-se cu adev\u0103rat - G. Musicescu\" href=\"\/?page_id=1211&amp;lang=ro\">Cuvine-se cu adev\u0103rat &#8211; G. Musicescu<\/a><br \/>\n<a title=\"Cuvine-se cu adev\u0103rat (gl. 5) - I. Popescu-Pas\u0103rea\" href=\"\/?page_id=2145&amp;lang=ro\">Cuvine-se cu adev\u0103rat (gl. 5) &#8211; I. Popescu-Pas\u0103rea<\/a><br \/>\n<a title=\"Cuvine-se cu adev\u0103rat (gl. 8) - I. Popescu-Pas\u0103rea\" href=\"\/?page_id=3329&amp;lang=ro\">Cuvine-se cu adev\u0103rat (gl. 8) &#8211; N. Moldoveanu<\/a><br \/>\n<a title=\"De tine se bucur\u0103 - N. Lungu\" href=\"\/?page_id=3901&amp;lang=ro\">De tine se bucur\u0103 (gl. 5) &#8211; N. Moldoveanu<\/a><br \/>\n<a title=\"De tine se bucur\u0103 - N. Lungu\" href=\"\/?page_id=1792&amp;lang=ro\">De tine se bucur\u0103 (gl. 8) &#8211; N. Lungu<\/a><br \/>\n<a title=\"De tine se bucur\u0103 - G. Musicescu\" href=\"\/?page_id=1217&amp;lang=ro\">De tine se bucur\u0103 &#8211; G. Musicescu<\/a><br \/>\n<a title=\"De tine se bucur\u0103 (variant\u0103)\" href=\"\/?page_id=4908&amp;lang=ro\">De tine se bucur\u0103 (variant\u0103)<\/a><br \/>\n<a title=\"Heruvic - M. Cuteanu\" href=\"\/?page_id=4030&amp;lang=ro\">Heruvic &#8211; M. Cuteanu<\/a><br \/>\n<a title=\"Heruvic - N. Lungu\" href=\"\/?page_id=1243&amp;lang=ro\">Heruvic &#8211; N. Lungu<\/a><br \/>\n<a title=\"Imnul mirilor - G. Musicescu\" href=\"\/?page_id=1221&amp;lang=ro\">Imnul mirilor &#8211; G. Musicescu<\/a><br \/>\n<a title=\"Iubi-Te-Voi, Doamne\" href=\"https:\/\/www.bambergorthodox.de\/?page_id=2264&amp;lang=ro\">Iubi-Te-voi, Doamne &#8211; N. Lungu \/ N. Moldoveanu<\/a><br \/>\n<a title=\"\u00cengerul a strigat - N. Moldoveanu\" href=\"\/?page_id=1239&amp;lang=ro\">\u00cengerul a strigat &#8211; N. Moldoveanu<\/a><br \/>\n<a title=\"Mucenicii T\u0103i, Doamne\" href=\"\/?page_id=3546&amp;lang=ro\">Mucenicii T\u0103i, Doamne<\/a><br \/>\n<a title=\"Notre P\u00e8re - M. Durufl\u00e9\" href=\"\/?page_id=1229&amp;lang=ro\">Notre P\u00e8re &#8211; M. Durufl\u00e9<\/a><br \/>\n<a title=\"Pe Tine Te l\u0103ud\u0103m - Gh. Cucu\" href=\"\/?page_id=1219&amp;lang=ro\">Pe Tine Te l\u0103ud\u0103m &#8211; Gh. Cucu<\/a><br \/>\n<a title=\"Pe Tine Te l\u0103ud\u0103m - G. Musicescu (1)\" href=\"\/?page_id=1210&amp;lang=ro\">Pe Tine Te l\u0103ud\u0103m &#8211; G. Musicescu (1)<\/a><br \/>\n<a title=\"Pe Tine Te l\u0103ud\u0103m - G. Musicescu (2)\" href=\"\/?page_id=1209&amp;lang=ro\">Pe Tine Te l\u0103ud\u0103m &#8211; G. Musicescu (2)<\/a><br \/>\n<a title=\"Pe Tine Te l\u0103ud\u0103m - G. Lamakin \/ G. Musicescu\" href=\"\/?page_id=1225&amp;lang=ro\">Pe Tine Te l\u0103ud\u0103m &#8211; G. Lamakin \/ G. Musicescu<\/a><br \/>\n<a title=\"Sf\u00e2nt - G. Musicescu\" href=\"\/?page_id=1222&amp;lang=ro\">Sf\u00e2nt &#8211; G. Musicescu<\/a><br \/>\n<a title=\"Sf\u00e2nt - I. Alfeiev\" href=\"\/?page_id=4097&amp;lang=ro\">Sf\u00e2nt &#8211; I. Alfeiev<\/a><br \/>\n<a title=\"Sf\u00e2nt - T. Popovici\" href=\"\/?page_id=4140&amp;lang=ro\">Sf\u00e2nt &#8211; T. Popovici<\/a><br \/>\n<a title=\"Sfinte Dumnezeule - Gh. \u0218teph\u0103nescu \/ G. Musicescu\" href=\"\/?page_id=1232&amp;lang=ro\">Sfinte Dumnezeule &#8211; Gh. \u0218teph\u0103nescu \/ G. Musicescu<\/a><br \/>\n<a title=\"Sfinte Dumnezeule - Gh. Cucu\" href=\"\/?page_id=1233&amp;lang=ro\">Sfinte Dumnezeule &#8211; Gh. Cucu<\/a><br \/>\n<a title=\"Sub milostivirea ta - N. Moldoveanu\" href=\"\/?page_id=1230&amp;lang=ro\">Sub milostivirea ta &#8211; N. Moldoveanu<\/a><br \/>\n<a title=\"Tat\u0103l nostru - I. D. Chirescu\" href=\"\/?page_id=3272&amp;lang=ro\">Tat\u0103l nostru &#8211; I. D. Chirescu<\/a><br \/>\n<a title=\"Tat\u0103l nostru - N. N. Kedrov\" href=\"\/?page_id=5051&amp;lang=ro\">Tat\u0103l nostru &#8211; N. N. Kedrov<\/a><br \/>\n<a title=\"Tat\u0103l nostru - N. Moldoveanu\" href=\"\/?page_id=1237&amp;lang=ro\">Tat\u0103l nostru &#8211; N. Moldoveanu<\/a><br \/>\n<a title=\"Tat\u0103l nostru - A. Pann\" href=\"\/?page_id=1238&amp;lang=ro\">Tat\u0103l nostru &#8211; A. Pann<\/a><br \/>\n<a title=\"Tat\u0103l nostru - C. Porumbescu\" href=\"\/?page_id=1224&amp;lang=ro\">Tat\u0103l nostru &#8211; C. Porumbescu<\/a><br \/>\n<a title=\"U\u0219a milostivirii\" href=\"\/?page_id=4154&amp;lang=ro\">U\u0219a milostivirii<\/a><br \/>\n<a title=\"Ve\u0219nic\u0103 pomenire - N. Lungu\" href=\"\/?page_id=1231&amp;lang=ro\">Ve\u0219nic\u0103 pomenire &#8211; N. Lungu<\/a><\/p>\n<p>Alte c\u00e2ntece:<br \/>\n<a title=\"Imnul Regal Rom\u00e2n (Tr\u0103iasc\u0103 Regele)\" href=\"\/?page_id=4936&amp;lang=ro\">Imnul Regal Rom\u00e2n (Tr\u0103iasc\u0103 Regele)<\/a><br \/>\n<a title=\"De ziua ta (Un suflet bun s\u0103 ai)\" href=\"\/?page_id=4946&amp;lang=ro\">De ziua ta (Un suflet bun s\u0103 ai)<\/a><\/p>\n<p><a title=\"Liturghia\" href=\"http:\/\/catalin.francu.com\/Music\/liturghia\/\" target=\"_blank\" rel=\"noopener noreferrer\">C\u00e2nt\u0103rile Sfintei Liturghii<\/a><\/p>\n<p>&nbsp;<\/p>\n<p><a  href=\"https:\/\/www.bambergorthodox.de\/wp-content\/uploads\/2016\/12\/Note.jpg\" data-rel=\"lightbox-gallery-0\" data-rl_title=\"\" data-rl_caption=\"\"><img loading=\"lazy\" decoding=\"async\" class=\"aligncenter size-full wp-image-171\" title=\"\" src=\"https:\/\/www.bambergorthodox.de\/wp-content\/uploads\/2016\/12\/Note.jpg\" alt=\"\" width=\"600\" height=\"380\" \/><\/a><\/p>\n<p><span style=\"color: #000000;\">*pagin\u0103 administrat\u0103 de C\u0103lin Hoffmann<\/span>","protected":false},"excerpt":{"rendered":"<p>Impresionat \u015fi inspirat* de C\u0103t\u0103lin Fr\u00e2ncu (catalin.francu.com), cu mul\u0163umirile de rigoare, am folosit pentru notare programele gratuite &#8222;surs\u0103 deschis\u0103&#8221; Lilypond (www.lilypond.org), \u00eempreun\u0103 cu editorul Frescobaldi (www.frescobaldi.org). Clic pe C\u00e2nt\u0103rile Sfintei Liturghii Pricesne: Aliluia &#8211; Leonard Cohen Arat\u0103-\u021bi \u00eendurarea Arunc\u0103 grija ta spre Domnul &#8211; F. Mendelssohn-Bartholdy Bl\u00e2ndul P\u0103stor C\u00e2ndva o voi vedea (Andr\u00f2 a vederla &#8230; <a class=\"read-more\" href=\"https:\/\/www.bambergorthodox.de\/?page_id=890\">Read more&#8230;<\/a><\/p>\n","protected":false},"author":1,"featured_media":0,"parent":0,"menu_order":0,"comment_status":"closed","ping_status":"closed","template":"","meta":{"jetpack_post_was_ever_published":false,"footnotes":""},"class_list":["post-890","page","type-page","status-publish"],"jetpack_sharing_enabled":true,"jetpack_shortlink":"https:\/\/wp.me\/P93ZOd-em","_links":{"self":[{"href":"https:\/\/www.bambergorthodox.de\/index.php?rest_route=\/wp\/v2\/pages\/890","targetHints":{"allow":["GET"]}}],"collection":[{"href":"https:\/\/www.bambergorthodox.de\/index.php?rest_route=\/wp\/v2\/pages"}],"about":[{"href":"https:\/\/www.bambergorthodox.de\/index.php?rest_route=\/wp\/v2\/types\/page"}],"author":[{"embeddable":true,"href":"https:\/\/www.bambergorthodox.de\/index.php?rest_route=\/wp\/v2\/users\/1"}],"replies":[{"embeddable":true,"href":"https:\/\/www.bambergorthodox.de\/index.php?rest_route=%2Fwp%2Fv2%2Fcomments&post=890"}],"version-history":[{"count":136,"href":"https:\/\/www.bambergorthodox.de\/index.php?rest_route=\/wp\/v2\/pages\/890\/revisions"}],"predecessor-version":[{"id":8584,"href":"https:\/\/www.bambergorthodox.de\/index.php?rest_route=\/wp\/v2\/pages\/890\/revisions\/8584"}],"wp:attachment":[{"href":"https:\/\/www.bambergorthodox.de\/index.php?rest_route=%2Fwp%2Fv2%2Fmedia&parent=890"}],"curies":[{"name":"wp","href":"https:\/\/api.w.org\/{rel}","templated":true}]}}