{"id":8581,"date":"2026-01-09T09:52:09","date_gmt":"2026-01-09T08:52:09","guid":{"rendered":"https:\/\/www.bambergorthodox.de\/?page_id=8581"},"modified":"2026-01-09T09:56:35","modified_gmt":"2026-01-09T08:56:35","slug":"colindam-iarna","status":"publish","type":"page","link":"https:\/\/www.bambergorthodox.de\/?page_id=8581","title":{"rendered":"Colind\u0103m iarna"},"content":{"rendered":"\u201dScula\u0163i-v\u0103, gazde mari,<br \/>\n\u00cen sara de Cr\u0103ciun;<br \/>\nScula\u0163i, voi, rom\u00e2ni plugari,<br \/>\n\u00cen sara de Cr\u0103ciun;<\/p>\n<p>C\u0103 v\u0103 vin colind\u0103tori<br \/>\n\u00cen sara de Cr\u0103ciun,<br \/>\nNoaptea, pe la c\u00e2nt\u0103tori,<br \/>\n\u00cen sara de Cr\u0103ciun.<\/p>\n<p>Colind\u0103m, colind\u0103m iarna<br \/>\nPe la u\u015fi, pe la fere\u015fti;<br \/>\nColind\u0103m, colind\u0103m iarna<br \/>\nCu colinde rom\u00e2ne\u015fti.\u201d<\/p>\n<p>&nbsp;<\/p>\n<p>Partitura, cor mixt (pdf): <a href=\"https:\/\/www.bambergorthodox.de\/wp-content\/uploads\/2026\/01\/Colidam-iarna.pdf\">Colind\u0103m iarna<\/a><\/p>\n<p>Voci (mp3): <a href=\"https:\/\/www.bambergorthodox.de\/wp-content\/uploads\/2026\/01\/Colidam-iarna-1.mp3\">sopran<\/a>, <a href=\"https:\/\/www.bambergorthodox.de\/wp-content\/uploads\/2026\/01\/Colidam-iarna-2.mp3\">alto<\/a>, <a href=\"https:\/\/www.bambergorthodox.de\/wp-content\/uploads\/2026\/01\/Colidam-iarna-3.mp3\">tenor<\/a>, <a href=\"https:\/\/www.bambergorthodox.de\/wp-content\/uploads\/2026\/01\/Colidam-iarna-4.mp3\">bas<\/a>, <a href=\"https:\/\/www.bambergorthodox.de\/wp-content\/uploads\/2026\/01\/Colidam-iarna.mp3\">cor mixt<\/a><\/p>\n<p>Surs\u0103 Lilypond (ly): <a href=\"https:\/\/www.bambergorthodox.de\/wp-content\/uploads\/2026\/01\/Colidam-iarna.zip\">Colind\u0103m iarna<\/a>","protected":false},"excerpt":{"rendered":"<p>\u201dScula\u0163i-v\u0103, gazde mari, \u00cen sara de Cr\u0103ciun; Scula\u0163i, voi, rom\u00e2ni plugari, \u00cen sara de Cr\u0103ciun; C\u0103 v\u0103 vin colind\u0103tori \u00cen sara de Cr\u0103ciun, Noaptea, pe la c\u00e2nt\u0103tori, \u00cen sara de Cr\u0103ciun. Colind\u0103m, colind\u0103m iarna Pe la u\u015fi, pe la fere\u015fti; Colind\u0103m, colind\u0103m iarna Cu colinde rom\u00e2ne\u015fti.\u201d &nbsp; Partitura, cor mixt (pdf): Colind\u0103m iarna Voci (mp3): &#8230; <a class=\"read-more\" href=\"https:\/\/www.bambergorthodox.de\/?page_id=8581\">Read more&#8230;<\/a><\/p>\n","protected":false},"author":2,"featured_media":0,"parent":0,"menu_order":0,"comment_status":"closed","ping_status":"closed","template":"","meta":{"jetpack_post_was_ever_published":false,"footnotes":""},"class_list":["post-8581","page","type-page","status-publish"],"jetpack_sharing_enabled":true,"jetpack_shortlink":"https:\/\/wp.me\/P93ZOd-2ep","_links":{"self":[{"href":"https:\/\/www.bambergorthodox.de\/index.php?rest_route=\/wp\/v2\/pages\/8581","targetHints":{"allow":["GET"]}}],"collection":[{"href":"https:\/\/www.bambergorthodox.de\/index.php?rest_route=\/wp\/v2\/pages"}],"about":[{"href":"https:\/\/www.bambergorthodox.de\/index.php?rest_route=\/wp\/v2\/types\/page"}],"author":[{"embeddable":true,"href":"https:\/\/www.bambergorthodox.de\/index.php?rest_route=\/wp\/v2\/users\/2"}],"replies":[{"embeddable":true,"href":"https:\/\/www.bambergorthodox.de\/index.php?rest_route=%2Fwp%2Fv2%2Fcomments&post=8581"}],"version-history":[{"count":2,"href":"https:\/\/www.bambergorthodox.de\/index.php?rest_route=\/wp\/v2\/pages\/8581\/revisions"}],"predecessor-version":[{"id":8583,"href":"https:\/\/www.bambergorthodox.de\/index.php?rest_route=\/wp\/v2\/pages\/8581\/revisions\/8583"}],"wp:attachment":[{"href":"https:\/\/www.bambergorthodox.de\/index.php?rest_route=%2Fwp%2Fv2%2Fmedia&parent=8581"}],"curies":[{"name":"wp","href":"https:\/\/api.w.org\/{rel}","templated":true}]}}