{"id":8045,"date":"2025-07-04T15:36:11","date_gmt":"2025-07-04T13:36:11","guid":{"rendered":"https:\/\/www.bambergorthodox.de\/?page_id=8045"},"modified":"2025-07-04T15:44:08","modified_gmt":"2025-07-04T13:44:08","slug":"iarta-ma-dumnezeul-meu","status":"publish","type":"page","link":"https:\/\/www.bambergorthodox.de\/?page_id=8045","title":{"rendered":"Iart\u0103-m\u0103, Dumnezeul meu!"},"content":{"rendered":"Cunoscuta priceasn\u0103 a lui Nicolae Moldoveanu, armonizat\u0103 pentru cor mixt. Vorba vine, deoarece melodia o c\u00e2nt\u0103 cele 2 voci superioare, registrelor de tenor \u0219i bas revenindu-le doar refrenul. Un c\u00e2ntec spre poc\u0103in\u021ba \u0219i interiorizarea at\u00e2t de utile Postului.<\/p>\n<p>\u201dIart\u0103-m\u0103, Dumnezeul meu!<br \/>\nPentru nevegherea mea<br \/>\nde-a r\u0103m\u00e2ne-n voia Ta,<br \/>\npentru tot ce-a fost murdar,<br \/>\nDoamne, iart\u0103-m\u0103 Tu iar!\u201d<\/p>\n<p>&nbsp;<\/p>\n<p>Partitura, cor mixt (pdf): <a href=\"https:\/\/www.bambergorthodox.de\/wp-content\/uploads\/2025\/07\/Iarta-ma.pdf\">Iart\u0103-m\u0103, Dumnezeul meu<\/a><\/p>\n<p>Voci (mp3): <a href=\"https:\/\/www.bambergorthodox.de\/wp-content\/uploads\/2024\/11\/Iarta-ma-1.mp3\">sopran<\/a>, <a href=\"https:\/\/www.bambergorthodox.de\/wp-content\/uploads\/2024\/11\/Iarta-ma-2.mp3\">alto<\/a>, <a href=\"https:\/\/www.bambergorthodox.de\/wp-content\/uploads\/2025\/07\/Iarta-ma-3.mp3\">tenor<\/a>, <a href=\"https:\/\/www.bambergorthodox.de\/wp-content\/uploads\/2025\/07\/Iarta-ma-4.mp3\">bas<\/a>, <a href=\"https:\/\/www.bambergorthodox.de\/wp-content\/uploads\/2025\/07\/Iarta-ma.mp3\">cor<\/a><\/p>\n<p>Surs\u0103 Lilypond (ly): <a href=\"https:\/\/www.bambergorthodox.de\/wp-content\/uploads\/2025\/07\/Iarta-ma.zip\">Iart\u0103-m\u0103, Dumnezeul meu<\/a>","protected":false},"excerpt":{"rendered":"<p>Cunoscuta priceasn\u0103 a lui Nicolae Moldoveanu, armonizat\u0103 pentru cor mixt. Vorba vine, deoarece melodia o c\u00e2nt\u0103 cele 2 voci superioare, registrelor de tenor \u0219i bas revenindu-le doar refrenul. Un c\u00e2ntec spre poc\u0103in\u021ba \u0219i interiorizarea at\u00e2t de utile Postului. \u201dIart\u0103-m\u0103, Dumnezeul meu! Pentru nevegherea mea de-a r\u0103m\u00e2ne-n voia Ta, pentru tot ce-a fost murdar, Doamne, iart\u0103-m\u0103 &#8230; <a class=\"read-more\" href=\"https:\/\/www.bambergorthodox.de\/?page_id=8045\">Read more&#8230;<\/a><\/p>\n","protected":false},"author":2,"featured_media":0,"parent":0,"menu_order":0,"comment_status":"closed","ping_status":"closed","template":"","meta":{"jetpack_post_was_ever_published":false,"footnotes":""},"class_list":["post-8045","page","type-page","status-publish"],"jetpack_sharing_enabled":true,"jetpack_shortlink":"https:\/\/wp.me\/P93ZOd-25L","_links":{"self":[{"href":"https:\/\/www.bambergorthodox.de\/index.php?rest_route=\/wp\/v2\/pages\/8045","targetHints":{"allow":["GET"]}}],"collection":[{"href":"https:\/\/www.bambergorthodox.de\/index.php?rest_route=\/wp\/v2\/pages"}],"about":[{"href":"https:\/\/www.bambergorthodox.de\/index.php?rest_route=\/wp\/v2\/types\/page"}],"author":[{"embeddable":true,"href":"https:\/\/www.bambergorthodox.de\/index.php?rest_route=\/wp\/v2\/users\/2"}],"replies":[{"embeddable":true,"href":"https:\/\/www.bambergorthodox.de\/index.php?rest_route=%2Fwp%2Fv2%2Fcomments&post=8045"}],"version-history":[{"count":5,"href":"https:\/\/www.bambergorthodox.de\/index.php?rest_route=\/wp\/v2\/pages\/8045\/revisions"}],"predecessor-version":[{"id":8052,"href":"https:\/\/www.bambergorthodox.de\/index.php?rest_route=\/wp\/v2\/pages\/8045\/revisions\/8052"}],"wp:attachment":[{"href":"https:\/\/www.bambergorthodox.de\/index.php?rest_route=%2Fwp%2Fv2%2Fmedia&parent=8045"}],"curies":[{"name":"wp","href":"https:\/\/api.w.org\/{rel}","templated":true}]}}