{"id":5226,"date":"2022-12-15T09:47:50","date_gmt":"2022-12-15T08:47:50","guid":{"rendered":"https:\/\/www.bambergorthodox.de\/?page_id=5226"},"modified":"2024-03-08T12:17:53","modified_gmt":"2024-03-08T11:17:53","slug":"rasunet-bland-de-clopotei","status":"publish","type":"page","link":"https:\/\/www.bambergorthodox.de\/?page_id=5226","title":{"rendered":"R\u0103sunet bl\u00e2nd de clopo\u021bei"},"content":{"rendered":"&#8221;R\u0103sunet bl\u00e2nd de clopo\u021bei<br \/>\nSe aud venind pe drum<br \/>\nE s\u0103rb\u0103toare \u0219i e c\u00e2nt,<br \/>\nC\u0103-i seara lui Cr\u0103ciun.<br \/>\nBim, bam.&#8221;<\/p>\n<p>Partitura, cor mixt (pdf): <a href=\"https:\/\/www.bambergorthodox.de\/wp-content\/uploads\/2024\/03\/RasBland.pdf\">R\u0103sunet bl\u00e2nd de clopo\u021bei<\/a><\/p>\n<p>Voci (mp3):\u00a0<a href=\"https:\/\/www.bambergorthodox.de\/wp-content\/uploads\/2024\/03\/RasBland-1.mp3\">sopran<\/a>,\u00a0<a href=\"https:\/\/www.bambergorthodox.de\/wp-content\/uploads\/2024\/03\/RasBland-2.mp3\">alto<\/a>,\u00a0<a href=\"https:\/\/www.bambergorthodox.de\/wp-content\/uploads\/2024\/03\/RasBland-3.mp3\">tenor<\/a>,\u00a0<a href=\"https:\/\/www.bambergorthodox.de\/wp-content\/uploads\/2024\/03\/RasBland-4.mp3\">bas<\/a>,\u00a0<a href=\"https:\/\/www.bambergorthodox.de\/wp-content\/uploads\/2024\/03\/RasBland.mp3\">cor mixt<\/a><\/p>\n<p>Surs\u0103 Lilypond (ly): <a href=\"https:\/\/www.bambergorthodox.de\/wp-content\/uploads\/2024\/03\/RasBland.zip\">R\u0103sunet bl\u00e2nd de clopo\u021bei<\/a>","protected":false},"excerpt":{"rendered":"<p>&#8221;R\u0103sunet bl\u00e2nd de clopo\u021bei Se aud venind pe drum E s\u0103rb\u0103toare \u0219i e c\u00e2nt, C\u0103-i seara lui Cr\u0103ciun. Bim, bam.&#8221; Partitura, cor mixt (pdf): R\u0103sunet bl\u00e2nd de clopo\u021bei Voci (mp3):\u00a0sopran,\u00a0alto,\u00a0tenor,\u00a0bas,\u00a0cor mixt Surs\u0103 Lilypond (ly): R\u0103sunet bl\u00e2nd de clopo\u021bei<\/p>\n","protected":false},"author":2,"featured_media":0,"parent":0,"menu_order":0,"comment_status":"closed","ping_status":"closed","template":"","meta":{"jetpack_post_was_ever_published":false,"footnotes":""},"class_list":["post-5226","page","type-page","status-publish"],"jetpack_sharing_enabled":true,"jetpack_shortlink":"https:\/\/wp.me\/P93ZOd-1mi","_links":{"self":[{"href":"https:\/\/www.bambergorthodox.de\/index.php?rest_route=\/wp\/v2\/pages\/5226","targetHints":{"allow":["GET"]}}],"collection":[{"href":"https:\/\/www.bambergorthodox.de\/index.php?rest_route=\/wp\/v2\/pages"}],"about":[{"href":"https:\/\/www.bambergorthodox.de\/index.php?rest_route=\/wp\/v2\/types\/page"}],"author":[{"embeddable":true,"href":"https:\/\/www.bambergorthodox.de\/index.php?rest_route=\/wp\/v2\/users\/2"}],"replies":[{"embeddable":true,"href":"https:\/\/www.bambergorthodox.de\/index.php?rest_route=%2Fwp%2Fv2%2Fcomments&post=5226"}],"version-history":[{"count":3,"href":"https:\/\/www.bambergorthodox.de\/index.php?rest_route=\/wp\/v2\/pages\/5226\/revisions"}],"predecessor-version":[{"id":6880,"href":"https:\/\/www.bambergorthodox.de\/index.php?rest_route=\/wp\/v2\/pages\/5226\/revisions\/6880"}],"wp:attachment":[{"href":"https:\/\/www.bambergorthodox.de\/index.php?rest_route=%2Fwp%2Fv2%2Fmedia&parent=5226"}],"curies":[{"name":"wp","href":"https:\/\/api.w.org\/{rel}","templated":true}]}}