{"id":5141,"date":"2022-07-20T13:25:39","date_gmt":"2022-07-20T11:25:39","guid":{"rendered":"https:\/\/www.bambergorthodox.de\/?page_id=5141"},"modified":"2024-03-05T17:18:00","modified_gmt":"2024-03-05T16:18:00","slug":"deschideti-mari-ale-cerului-porti-chr-w-gluck","status":"publish","type":"page","link":"https:\/\/www.bambergorthodox.de\/?page_id=5141","title":{"rendered":"Deschide\u021bi mari ale cerului por\u021bi &#8211; Chr. W. Gluck"},"content":{"rendered":"\u201eDeschide\u021bi mari ale cerului por\u021bi, ca-mp\u0103ratul slavei s\u0103 intre!<br \/>\nCine este \u00cemp\u0103ratul slavei?<br \/>\nDomnul atotputernic \u00een lupte, Domnul Savaot!\u201d<br \/>\n(Ps. 23,9-10)<\/p>\n<p>Frumoas\u0103 \u00eenfiorare tr\u0103im \u00een noaptea \u00cenvierii, c\u00e2nd preotul bate \u00een por\u021bile bisericii, cu cuvintele de mai sus, amintind de Hristos, Cel care ne-a deschis \u201eRaiul cel \u00eenchis\u201d prin Jertfa de pe Cruce!<br \/>\nCompozitorul este Christoph Willibald Gluck (1714-1787), cunoscut mai mult prin operele sale (Orfeo et Euridice). A tr\u0103it la Viena \u0219i Paris, preg\u0103tind, printr-o reform\u0103 a muzicii de oper\u0103, terenul pentru clasicul Mozart. \u00cen muzica lui Gluck apar elemente de sf\u00e2r\u0219it de baroc, precum \u0219i de muzic\u0103 pre-clasic\u0103. A scris doar c\u00e2teva piese religioase, fa\u021b\u0103 de 50 opere,<\/p>\n<p>Partitura, cor mixt (pdf): <a href=\"https:\/\/www.bambergorthodox.de\/wp-content\/uploads\/2024\/03\/DescMari.pdf\">Deschide\u021bi mari ale cerului por\u021bi<\/a><\/p>\n<p>Voci (mp3):\u00a0<a href=\"https:\/\/www.bambergorthodox.de\/wp-content\/uploads\/2024\/03\/DescMari-1.mp3\">sopran<\/a>,\u00a0<a href=\"https:\/\/www.bambergorthodox.de\/wp-content\/uploads\/2024\/03\/DescMari-2.mp3\">alto<\/a>, <a href=\"https:\/\/www.bambergorthodox.de\/wp-content\/uploads\/2024\/03\/DescMari-3.mp3\">tenor<\/a>, <a href=\"https:\/\/www.bambergorthodox.de\/wp-content\/uploads\/2024\/03\/DescMari-4.mp3\">bas<\/a>,\u00a0<a href=\"https:\/\/www.bambergorthodox.de\/wp-content\/uploads\/2024\/03\/DescMari.mp3\">cor mixt<\/a>.<\/p>\n<p>Surs\u0103 Lilypond (ly): <a href=\"https:\/\/www.bambergorthodox.de\/wp-content\/uploads\/2024\/03\/DescMari.zip\">Deschide\u021bi mari ale cerului por\u021bi<\/a>","protected":false},"excerpt":{"rendered":"<p>\u201eDeschide\u021bi mari ale cerului por\u021bi, ca-mp\u0103ratul slavei s\u0103 intre! Cine este \u00cemp\u0103ratul slavei? Domnul atotputernic \u00een lupte, Domnul Savaot!\u201d (Ps. 23,9-10) Frumoas\u0103 \u00eenfiorare tr\u0103im \u00een noaptea \u00cenvierii, c\u00e2nd preotul bate \u00een por\u021bile bisericii, cu cuvintele de mai sus, amintind de Hristos, Cel care ne-a deschis \u201eRaiul cel \u00eenchis\u201d prin Jertfa de pe Cruce! Compozitorul este &#8230; <a class=\"read-more\" href=\"https:\/\/www.bambergorthodox.de\/?page_id=5141\">Read more&#8230;<\/a><\/p>\n","protected":false},"author":2,"featured_media":0,"parent":0,"menu_order":0,"comment_status":"closed","ping_status":"closed","template":"","meta":{"jetpack_post_was_ever_published":false,"footnotes":""},"class_list":["post-5141","page","type-page","status-publish"],"jetpack_sharing_enabled":true,"jetpack_shortlink":"https:\/\/wp.me\/P93ZOd-1kV","_links":{"self":[{"href":"https:\/\/www.bambergorthodox.de\/index.php?rest_route=\/wp\/v2\/pages\/5141","targetHints":{"allow":["GET"]}}],"collection":[{"href":"https:\/\/www.bambergorthodox.de\/index.php?rest_route=\/wp\/v2\/pages"}],"about":[{"href":"https:\/\/www.bambergorthodox.de\/index.php?rest_route=\/wp\/v2\/types\/page"}],"author":[{"embeddable":true,"href":"https:\/\/www.bambergorthodox.de\/index.php?rest_route=\/wp\/v2\/users\/2"}],"replies":[{"embeddable":true,"href":"https:\/\/www.bambergorthodox.de\/index.php?rest_route=%2Fwp%2Fv2%2Fcomments&post=5141"}],"version-history":[{"count":2,"href":"https:\/\/www.bambergorthodox.de\/index.php?rest_route=\/wp\/v2\/pages\/5141\/revisions"}],"predecessor-version":[{"id":6702,"href":"https:\/\/www.bambergorthodox.de\/index.php?rest_route=\/wp\/v2\/pages\/5141\/revisions\/6702"}],"wp:attachment":[{"href":"https:\/\/www.bambergorthodox.de\/index.php?rest_route=%2Fwp%2Fv2%2Fmedia&parent=5141"}],"curies":[{"name":"wp","href":"https:\/\/api.w.org\/{rel}","templated":true}]}}