{"id":5103,"date":"2022-07-07T09:47:28","date_gmt":"2022-07-07T07:47:28","guid":{"rendered":"https:\/\/www.bambergorthodox.de\/?page_id=5103"},"modified":"2024-03-05T16:39:38","modified_gmt":"2024-03-05T15:39:38","slug":"aliluia-leonard-cohen","status":"publish","type":"page","link":"https:\/\/www.bambergorthodox.de\/?page_id=5103","title":{"rendered":"Aliluia &#8211; Leonard Cohen"},"content":{"rendered":"Hitul lui Leonard Cohen, \u00een interpretarea <a href=\"https:\/\/www.youtube.com\/watch?v=IPt0hclTwLw\">Andrei Gogan<\/a>:<\/p>\n<p>\u201ePentru darul divin de-a fi ceea ce e\u0219ti,<br \/>\nO porunc\u0103 ai doar de urmat: S\u0103 iube\u0219ti!<br \/>\nUn dusman \u0219i un prieten<br \/>\nCu aceea\u0219i egal\u0103 m\u0103sur\u0103.<br \/>\nDoar a\u0219a-\u021bi va z\u00e2mbi, ne-ncetat, Dumnezeu,<br \/>\nDe vei sta<br \/>\n\u00cen soare sau ploaie, mereu,<br \/>\nAuzi \u00eengerii cum c\u00e2nt\u0103 Aliluia.\u201d<\/p>\n<p>Partitura, cor mixt (pdf): <a href=\"https:\/\/www.bambergorthodox.de\/wp-content\/uploads\/2024\/03\/Halleluja-Cohen.pdf\">Aliluia &#8211; L. Cohen<\/a><\/p>\n<p>Voci (mp3): <a href=\"https:\/\/www.bambergorthodox.de\/wp-content\/uploads\/2024\/03\/Halleluja-Cohen-1.mp3\">Sopran<\/a>,\u00a0<a href=\"https:\/\/www.bambergorthodox.de\/wp-content\/uploads\/2024\/03\/Halleluja-Cohen-2.mp3\">alto<\/a>, <a href=\"https:\/\/www.bambergorthodox.de\/wp-content\/uploads\/2024\/03\/Halleluja-Cohen-3.mp3\">bariton<\/a>, <a href=\"https:\/\/www.bambergorthodox.de\/wp-content\/uploads\/2024\/03\/Halleluja-Cohen.mp3\">cor mixt<\/a>.<\/p>\n<p>Surs\u0103 Lilypond (ly): <a href=\"https:\/\/www.bambergorthodox.de\/wp-content\/uploads\/2024\/03\/Halleluja-Cohen.zip\">Aliluia &#8211; L. Cohen<\/a><\/p>\n<p>( + C\u00e2nt\u0103re\u021bului Ghi\u021b\u0103 Suciu: Dumnezeu s\u0103 te ierte \u0219i odihneasc\u0103 \u00een pace. + )","protected":false},"excerpt":{"rendered":"<p>Hitul lui Leonard Cohen, \u00een interpretarea Andrei Gogan: \u201ePentru darul divin de-a fi ceea ce e\u0219ti, O porunc\u0103 ai doar de urmat: S\u0103 iube\u0219ti! Un dusman \u0219i un prieten Cu aceea\u0219i egal\u0103 m\u0103sur\u0103. Doar a\u0219a-\u021bi va z\u00e2mbi, ne-ncetat, Dumnezeu, De vei sta \u00cen soare sau ploaie, mereu, Auzi \u00eengerii cum c\u00e2nt\u0103 Aliluia.\u201d Partitura, cor mixt &#8230; <a class=\"read-more\" href=\"https:\/\/www.bambergorthodox.de\/?page_id=5103\">Read more&#8230;<\/a><\/p>\n","protected":false},"author":2,"featured_media":0,"parent":0,"menu_order":0,"comment_status":"closed","ping_status":"closed","template":"","meta":{"jetpack_post_was_ever_published":false,"footnotes":""},"class_list":["post-5103","page","type-page","status-publish"],"jetpack_sharing_enabled":true,"jetpack_shortlink":"https:\/\/wp.me\/P93ZOd-1kj","_links":{"self":[{"href":"https:\/\/www.bambergorthodox.de\/index.php?rest_route=\/wp\/v2\/pages\/5103","targetHints":{"allow":["GET"]}}],"collection":[{"href":"https:\/\/www.bambergorthodox.de\/index.php?rest_route=\/wp\/v2\/pages"}],"about":[{"href":"https:\/\/www.bambergorthodox.de\/index.php?rest_route=\/wp\/v2\/types\/page"}],"author":[{"embeddable":true,"href":"https:\/\/www.bambergorthodox.de\/index.php?rest_route=\/wp\/v2\/users\/2"}],"replies":[{"embeddable":true,"href":"https:\/\/www.bambergorthodox.de\/index.php?rest_route=%2Fwp%2Fv2%2Fcomments&post=5103"}],"version-history":[{"count":3,"href":"https:\/\/www.bambergorthodox.de\/index.php?rest_route=\/wp\/v2\/pages\/5103\/revisions"}],"predecessor-version":[{"id":6674,"href":"https:\/\/www.bambergorthodox.de\/index.php?rest_route=\/wp\/v2\/pages\/5103\/revisions\/6674"}],"wp:attachment":[{"href":"https:\/\/www.bambergorthodox.de\/index.php?rest_route=%2Fwp%2Fv2%2Fmedia&parent=5103"}],"curies":[{"name":"wp","href":"https:\/\/api.w.org\/{rel}","templated":true}]}}