{"id":5009,"date":"2022-04-07T10:17:49","date_gmt":"2022-04-07T08:17:49","guid":{"rendered":"https:\/\/www.bambergorthodox.de\/?page_id=5009"},"modified":"2024-03-08T19:02:25","modified_gmt":"2024-03-08T18:02:25","slug":"antifonul-al-ii-lea-special-gl-1","status":"publish","type":"page","link":"https:\/\/www.bambergorthodox.de\/?page_id=5009","title":{"rendered":"Antifonul al II-lea (special, gl. 1)"},"content":{"rendered":"La S\u0103rb\u0103torile \u00cemp\u0103r\u0103te\u0219ti:<\/p>\n<p>M\u00e2ntuie\u0219te-ne pe noi, Fiul lui Dumnezeu, Cel ce<\/p>\n<ul>\n<li>ai \u00eenviat din mor\u021bi,<\/li>\n<li>e\u0219ti minunat \u00eentru sfin\u021bi,<\/li>\n<li>Te-ai r\u0103stignit pentru noi,<\/li>\n<li>Te-ai n\u0103scut din Fecioar\u0103,<\/li>\n<li>Te-ai botezat \u00een Iordan de la Ioan,<\/li>\n<li>Te-ai suit pe m\u00e2nzul asinei,<\/li>\n<li>Te-ai schimbat la fa\u021b\u0103 \u00een muntele Taborului,<\/li>\n<\/ul>\n<p>pe noi, cei ce-\u021ai c\u00e2nt\u0103m: Aliluia.<\/p>\n<p>Rusalii:<br \/>\nM\u00e2ntuie\u0219te-ne pe noi, bunule M\u00e2ng\u00e2ietor, pe noi, cei ce-\u021ai c\u00e2nt\u0103m: Aliluia.<\/p>\n<p>Partiturile sunt pe glasul 1.<\/p>\n<p>&nbsp;<\/p>\n<p>Partitura, cor mixt (pdf):\u00a0<a href=\"https:\/\/www.bambergorthodox.de\/wp-content\/uploads\/2024\/02\/Ant2-spec.pdf\">Antifonul al II-lea (special, gl. 1)<\/a><\/p>\n<p>Voci (mp3): <a href=\"https:\/\/www.bambergorthodox.de\/wp-content\/uploads\/2024\/02\/Ant2-spec-1.mp3\">sopran<\/a>,\u00a0<a href=\"https:\/\/www.bambergorthodox.de\/wp-content\/uploads\/2024\/02\/Ant2-spec-2.mp3\">alto<\/a>,\u00a0<a href=\"https:\/\/www.bambergorthodox.de\/wp-content\/uploads\/2024\/02\/Ant2-spec-3.mp3\">bariton<\/a>,\u00a0<a href=\"https:\/\/www.bambergorthodox.de\/wp-content\/uploads\/2024\/02\/Ant2-spec.mp3\">cor mixt<\/a><\/p>\n<p>Surs\u0103 Lilypond (ly):\u00a0<a href=\"https:\/\/www.bambergorthodox.de\/wp-content\/uploads\/2024\/02\/Ant2-spec.zip\">Antifonul al II-lea (special, gl. 1)<\/a>","protected":false},"excerpt":{"rendered":"<p>La S\u0103rb\u0103torile \u00cemp\u0103r\u0103te\u0219ti: M\u00e2ntuie\u0219te-ne pe noi, Fiul lui Dumnezeu, Cel ce ai \u00eenviat din mor\u021bi, e\u0219ti minunat \u00eentru sfin\u021bi, Te-ai r\u0103stignit pentru noi, Te-ai n\u0103scut din Fecioar\u0103, Te-ai botezat \u00een Iordan de la Ioan, Te-ai suit pe m\u00e2nzul asinei, Te-ai schimbat la fa\u021b\u0103 \u00een muntele Taborului, pe noi, cei ce-\u021ai c\u00e2nt\u0103m: Aliluia. Rusalii: M\u00e2ntuie\u0219te-ne pe &#8230; <a class=\"read-more\" href=\"https:\/\/www.bambergorthodox.de\/?page_id=5009\">Read more&#8230;<\/a><\/p>\n","protected":false},"author":2,"featured_media":0,"parent":0,"menu_order":0,"comment_status":"closed","ping_status":"closed","template":"","meta":{"jetpack_post_was_ever_published":false,"footnotes":""},"class_list":["post-5009","page","type-page","status-publish"],"jetpack_sharing_enabled":true,"jetpack_shortlink":"https:\/\/wp.me\/P93ZOd-1iN","_links":{"self":[{"href":"https:\/\/www.bambergorthodox.de\/index.php?rest_route=\/wp\/v2\/pages\/5009","targetHints":{"allow":["GET"]}}],"collection":[{"href":"https:\/\/www.bambergorthodox.de\/index.php?rest_route=\/wp\/v2\/pages"}],"about":[{"href":"https:\/\/www.bambergorthodox.de\/index.php?rest_route=\/wp\/v2\/types\/page"}],"author":[{"embeddable":true,"href":"https:\/\/www.bambergorthodox.de\/index.php?rest_route=\/wp\/v2\/users\/2"}],"replies":[{"embeddable":true,"href":"https:\/\/www.bambergorthodox.de\/index.php?rest_route=%2Fwp%2Fv2%2Fcomments&post=5009"}],"version-history":[{"count":5,"href":"https:\/\/www.bambergorthodox.de\/index.php?rest_route=\/wp\/v2\/pages\/5009\/revisions"}],"predecessor-version":[{"id":6928,"href":"https:\/\/www.bambergorthodox.de\/index.php?rest_route=\/wp\/v2\/pages\/5009\/revisions\/6928"}],"wp:attachment":[{"href":"https:\/\/www.bambergorthodox.de\/index.php?rest_route=%2Fwp%2Fv2%2Fmedia&parent=5009"}],"curies":[{"name":"wp","href":"https:\/\/api.w.org\/{rel}","templated":true}]}}