{"id":4957,"date":"2022-03-18T12:36:18","date_gmt":"2022-03-18T11:36:18","guid":{"rendered":"https:\/\/www.bambergorthodox.de\/?page_id=4957"},"modified":"2024-03-06T20:53:51","modified_gmt":"2024-03-06T19:53:51","slug":"deschide-usa-crestine","status":"publish","type":"page","link":"https:\/\/www.bambergorthodox.de\/?page_id=4957","title":{"rendered":"Deschide u\u0219a, cre\u0219tine"},"content":{"rendered":"&#8221;Deschide u\u015fa, cre\u015ftine,<br \/>\nC\u0103 venim, \u0219i noi, la tine.<br \/>\nLa mul\u021bi ani cu bine!&#8221;<\/p>\n<p>O interpretare lin\u0103 a maicilor din sf. m\u0103n. <a href=\"https:\/\/www.youtube.com\/watch?v=OnU35ujgnUk\">C\u0103m\u00e2rzani<\/a> a acestui popular colind &#8211; cu o interesant\u0103 varia\u021bie a liniei melodice, care se \u00eemparte \u00eentre sopran \u0219i alto.<\/p>\n<p>Partitura, cor mixt (pdf): <a href=\"https:\/\/www.bambergorthodox.de\/wp-content\/uploads\/2024\/02\/DescUsa.pdf\">Deschide u\u0219a, cre\u0219tine<\/a><\/p>\n<p>Voci (mp3): <a href=\"https:\/\/www.bambergorthodox.de\/wp-content\/uploads\/2024\/02\/DescUsa-1.mp3\">sopran<\/a>,\u00a0<a href=\"https:\/\/www.bambergorthodox.de\/wp-content\/uploads\/2024\/02\/DescUsa-2.mp3\">alto<\/a>,\u00a0<a href=\"https:\/\/www.bambergorthodox.de\/wp-content\/uploads\/2024\/02\/DescUsa.mp3\">cor<\/a><\/p>\n<p>Surs\u0103 Lilypond (ly): <a href=\"https:\/\/www.bambergorthodox.de\/wp-content\/uploads\/2024\/02\/DescUsa.zip\">Deschide u\u0219a, cre\u0219tine<\/a>","protected":false},"excerpt":{"rendered":"<p>&#8221;Deschide u\u015fa, cre\u015ftine, C\u0103 venim, \u0219i noi, la tine. La mul\u021bi ani cu bine!&#8221; O interpretare lin\u0103 a maicilor din sf. m\u0103n. C\u0103m\u00e2rzani a acestui popular colind &#8211; cu o interesant\u0103 varia\u021bie a liniei melodice, care se \u00eemparte \u00eentre sopran \u0219i alto. Partitura, cor mixt (pdf): Deschide u\u0219a, cre\u0219tine Voci (mp3): sopran,\u00a0alto,\u00a0cor Surs\u0103 Lilypond (ly): &#8230; <a class=\"read-more\" href=\"https:\/\/www.bambergorthodox.de\/?page_id=4957\">Read more&#8230;<\/a><\/p>\n","protected":false},"author":2,"featured_media":0,"parent":0,"menu_order":0,"comment_status":"closed","ping_status":"closed","template":"","meta":{"jetpack_post_was_ever_published":false,"footnotes":""},"class_list":["post-4957","page","type-page","status-publish"],"jetpack_sharing_enabled":true,"jetpack_shortlink":"https:\/\/wp.me\/P93ZOd-1hX","_links":{"self":[{"href":"https:\/\/www.bambergorthodox.de\/index.php?rest_route=\/wp\/v2\/pages\/4957","targetHints":{"allow":["GET"]}}],"collection":[{"href":"https:\/\/www.bambergorthodox.de\/index.php?rest_route=\/wp\/v2\/pages"}],"about":[{"href":"https:\/\/www.bambergorthodox.de\/index.php?rest_route=\/wp\/v2\/types\/page"}],"author":[{"embeddable":true,"href":"https:\/\/www.bambergorthodox.de\/index.php?rest_route=\/wp\/v2\/users\/2"}],"replies":[{"embeddable":true,"href":"https:\/\/www.bambergorthodox.de\/index.php?rest_route=%2Fwp%2Fv2%2Fcomments&post=4957"}],"version-history":[{"count":3,"href":"https:\/\/www.bambergorthodox.de\/index.php?rest_route=\/wp\/v2\/pages\/4957\/revisions"}],"predecessor-version":[{"id":6782,"href":"https:\/\/www.bambergorthodox.de\/index.php?rest_route=\/wp\/v2\/pages\/4957\/revisions\/6782"}],"wp:attachment":[{"href":"https:\/\/www.bambergorthodox.de\/index.php?rest_route=%2Fwp%2Fv2%2Fmedia&parent=4957"}],"curies":[{"name":"wp","href":"https:\/\/api.w.org\/{rel}","templated":true}]}}