{"id":4953,"date":"2022-03-18T12:13:36","date_gmt":"2022-03-18T11:13:36","guid":{"rendered":"https:\/\/www.bambergorthodox.de\/?page_id=4953"},"modified":"2024-03-06T20:47:05","modified_gmt":"2024-03-06T19:47:05","slug":"ce-bucurie-ar-fi","status":"publish","type":"page","link":"https:\/\/www.bambergorthodox.de\/?page_id=4953","title":{"rendered":"Ce bucurie-ar fi"},"content":{"rendered":"&#8221;Dac\u0103-n fiecare zi<br \/>\nCr\u0103ciunul ar veni,<br \/>\nCe bucurie ar fi.<br \/>\nDac\u0103-n fiecare zi<br \/>\nCr\u0103ciunul ar veni,<br \/>\nMai buni poate am fi.<br \/>\nStele multe, aurite,<br \/>\nDin cer parc\u0103 sunt venite,<br \/>\n\u00cen suflet \u015fi-n via\u0163a noastr\u0103<br \/>\nO minune s\u0103-mplineasc\u0103.&#8221;<\/p>\n<p>Versurile Mihaelei C\u0103linescu l-au inspirat pe compozitorul de muzic\u0103 u\u0219oar\u0103 Dani Constantin s\u0103 se av\u00e2nte \u0219i \u00een domeniul muzicii religioase, cu un colind. O interpretare de excep\u021bie \u00eei apar\u021bine coralei <a href=\"https:\/\/www.youtube.com\/watch?v=CuU98hiA_uo\"><em>Armonia<\/em><\/a> a Tomisului. Am \u00eencercat aici o adaptare pentru cor mixt, nu neap\u0103rat cu soli\u0219ti.<\/p>\n<p>Partitura, cor mixt (pdf): <a href=\"https:\/\/www.bambergorthodox.de\/wp-content\/uploads\/2024\/02\/CeBucArFi.pdf\">Ce bucurie-ar fi<\/a><\/p>\n<p>Voci (mp3): <a href=\"https:\/\/www.bambergorthodox.de\/wp-content\/uploads\/2024\/02\/CeBucArFi-1.mp3\">sopran<\/a>,\u00a0<a href=\"https:\/\/www.bambergorthodox.de\/wp-content\/uploads\/2024\/02\/CeBucArFi-2.mp3\">alto<\/a>,\u00a0<a href=\"https:\/\/www.bambergorthodox.de\/wp-content\/uploads\/2024\/02\/CeBucArFi-3.mp3\">bariton<\/a>,\u00a0<a href=\"https:\/\/www.bambergorthodox.de\/wp-content\/uploads\/2024\/02\/CeBucArFi.mp3\">cor mixt<\/a><\/p>\n<p>Surs\u0103 Lilypond (ly): <a href=\"https:\/\/www.bambergorthodox.de\/wp-content\/uploads\/2024\/02\/CeBucArFi.zip\">Ce bucurie-ar fi<\/a>","protected":false},"excerpt":{"rendered":"<p>&#8221;Dac\u0103-n fiecare zi Cr\u0103ciunul ar veni, Ce bucurie ar fi. Dac\u0103-n fiecare zi Cr\u0103ciunul ar veni, Mai buni poate am fi. Stele multe, aurite, Din cer parc\u0103 sunt venite, \u00cen suflet \u015fi-n via\u0163a noastr\u0103 O minune s\u0103-mplineasc\u0103.&#8221; Versurile Mihaelei C\u0103linescu l-au inspirat pe compozitorul de muzic\u0103 u\u0219oar\u0103 Dani Constantin s\u0103 se av\u00e2nte \u0219i \u00een domeniul &#8230; <a class=\"read-more\" href=\"https:\/\/www.bambergorthodox.de\/?page_id=4953\">Read more&#8230;<\/a><\/p>\n","protected":false},"author":2,"featured_media":0,"parent":0,"menu_order":0,"comment_status":"closed","ping_status":"closed","template":"","meta":{"jetpack_post_was_ever_published":false,"footnotes":""},"class_list":["post-4953","page","type-page","status-publish"],"jetpack_sharing_enabled":true,"jetpack_shortlink":"https:\/\/wp.me\/P93ZOd-1hT","_links":{"self":[{"href":"https:\/\/www.bambergorthodox.de\/index.php?rest_route=\/wp\/v2\/pages\/4953","targetHints":{"allow":["GET"]}}],"collection":[{"href":"https:\/\/www.bambergorthodox.de\/index.php?rest_route=\/wp\/v2\/pages"}],"about":[{"href":"https:\/\/www.bambergorthodox.de\/index.php?rest_route=\/wp\/v2\/types\/page"}],"author":[{"embeddable":true,"href":"https:\/\/www.bambergorthodox.de\/index.php?rest_route=\/wp\/v2\/users\/2"}],"replies":[{"embeddable":true,"href":"https:\/\/www.bambergorthodox.de\/index.php?rest_route=%2Fwp%2Fv2%2Fcomments&post=4953"}],"version-history":[{"count":4,"href":"https:\/\/www.bambergorthodox.de\/index.php?rest_route=\/wp\/v2\/pages\/4953\/revisions"}],"predecessor-version":[{"id":6778,"href":"https:\/\/www.bambergorthodox.de\/index.php?rest_route=\/wp\/v2\/pages\/4953\/revisions\/6778"}],"wp:attachment":[{"href":"https:\/\/www.bambergorthodox.de\/index.php?rest_route=%2Fwp%2Fv2%2Fmedia&parent=4953"}],"curies":[{"name":"wp","href":"https:\/\/api.w.org\/{rel}","templated":true}]}}