{"id":4936,"date":"2022-03-17T12:21:12","date_gmt":"2022-03-17T11:21:12","guid":{"rendered":"https:\/\/www.bambergorthodox.de\/?page_id=4936"},"modified":"2024-03-14T11:01:53","modified_gmt":"2024-03-14T10:01:53","slug":"imnul-regal-roman-traiasca-regele","status":"publish","type":"page","link":"https:\/\/www.bambergorthodox.de\/?page_id=4936","title":{"rendered":"Imnul Regal Rom\u00e2n (Tr\u0103iasc\u0103 Regele)"},"content":{"rendered":"&#8221;Tr\u0103iasc\u0103 Regele<br \/>\n\u00cen pace \u0219i onor,<br \/>\nDe \u021bar\u0103 iubitor<br \/>\n\u0218i-ap\u0103r\u0103tor de \u021bar\u0103.<br \/>\nFie Domn glorios,<br \/>\nFie peste noi,<br \/>\nFie-n veci norocos<br \/>\n\u00cen r\u0103zboi, r\u0103zboi.&#8221;<\/p>\n<p>Imnul Regal Rom\u00e2n (Tr\u0103iasc\u0103 Regele) a fost Imnul de Stat al Rom\u00e2niei din 1882-1947, simbol muzical al suveranit\u0103\u021bii \u0219i m\u00e2ndriei na\u021bionale, personificate de Rege. \u00cen 1862, \u00een timpul domniei lui Alexandru Ioan Cuza, s-a organizat un concurs pentru Imnul de Stat al Rom\u00e2niei. A c\u00e2\u0219tigat piesa <i>Mar\u0219 triumfal \u0219i primirea steagului \u0219i a M\u0103riei-Sale Prin\u021bul Domnitor,<\/i> de Eduard H\u00fcbsch. Vasile Alecsandri a scris textul <i>Imnului Regal Rom\u00e2n<\/i> \u00een 1881. Imnul s-a c\u00e2ntat \u00een mod oficial pentru prima dat\u0103 \u00een\u00a0Rom\u00e2nia, \u00een 1884, la \u00eencoronarea regelui Carol I. A fost preluat \u0219i inclus de George Enescu la sf\u00e2r\u0219itul <i>Poemei Rom\u00e2ne<\/i>. (wikipedia)<\/p>\n<p>Partitura, cor mixt (pdf): <a href=\"https:\/\/www.bambergorthodox.de\/wp-content\/uploads\/2024\/03\/ImnReg.pdf\">Imnul Regal Rom\u00e2n (Tr\u0103iasc\u0103 Regele)<\/a><\/p>\n<p>Voci (mp3): <a href=\"https:\/\/www.bambergorthodox.de\/wp-content\/uploads\/2024\/03\/ImnReg-1.mp3\">sopran<\/a>,\u00a0<a href=\"https:\/\/www.bambergorthodox.de\/wp-content\/uploads\/2024\/03\/ImnReg-2.mp3\">alto<\/a>,\u00a0<a href=\"https:\/\/www.bambergorthodox.de\/wp-content\/uploads\/2024\/03\/ImnReg-3.mp3\">bariton<\/a>,\u00a0<a href=\"https:\/\/www.bambergorthodox.de\/wp-content\/uploads\/2024\/03\/ImnReg.mp3\">cor mixt<\/a><\/p>\n<p>Surs\u0103 Lilypond (ly): <a href=\"https:\/\/www.bambergorthodox.de\/wp-content\/uploads\/2024\/03\/ImnReg.zip\">Imnul Regal Rom\u00e2n (Tr\u0103iasc\u0103 Regele)<\/a>","protected":false},"excerpt":{"rendered":"<p>&#8221;Tr\u0103iasc\u0103 Regele \u00cen pace \u0219i onor, De \u021bar\u0103 iubitor \u0218i-ap\u0103r\u0103tor de \u021bar\u0103. Fie Domn glorios, Fie peste noi, Fie-n veci norocos \u00cen r\u0103zboi, r\u0103zboi.&#8221; Imnul Regal Rom\u00e2n (Tr\u0103iasc\u0103 Regele) a fost Imnul de Stat al Rom\u00e2niei din 1882-1947, simbol muzical al suveranit\u0103\u021bii \u0219i m\u00e2ndriei na\u021bionale, personificate de Rege. \u00cen 1862, \u00een timpul domniei lui Alexandru &#8230; <a class=\"read-more\" href=\"https:\/\/www.bambergorthodox.de\/?page_id=4936\">Read more&#8230;<\/a><\/p>\n","protected":false},"author":2,"featured_media":0,"parent":0,"menu_order":0,"comment_status":"closed","ping_status":"closed","template":"","meta":{"jetpack_post_was_ever_published":false,"footnotes":""},"class_list":["post-4936","page","type-page","status-publish"],"jetpack_sharing_enabled":true,"jetpack_shortlink":"https:\/\/wp.me\/P93ZOd-1hC","_links":{"self":[{"href":"https:\/\/www.bambergorthodox.de\/index.php?rest_route=\/wp\/v2\/pages\/4936","targetHints":{"allow":["GET"]}}],"collection":[{"href":"https:\/\/www.bambergorthodox.de\/index.php?rest_route=\/wp\/v2\/pages"}],"about":[{"href":"https:\/\/www.bambergorthodox.de\/index.php?rest_route=\/wp\/v2\/types\/page"}],"author":[{"embeddable":true,"href":"https:\/\/www.bambergorthodox.de\/index.php?rest_route=\/wp\/v2\/users\/2"}],"replies":[{"embeddable":true,"href":"https:\/\/www.bambergorthodox.de\/index.php?rest_route=%2Fwp%2Fv2%2Fcomments&post=4936"}],"version-history":[{"count":4,"href":"https:\/\/www.bambergorthodox.de\/index.php?rest_route=\/wp\/v2\/pages\/4936\/revisions"}],"predecessor-version":[{"id":7067,"href":"https:\/\/www.bambergorthodox.de\/index.php?rest_route=\/wp\/v2\/pages\/4936\/revisions\/7067"}],"wp:attachment":[{"href":"https:\/\/www.bambergorthodox.de\/index.php?rest_route=%2Fwp%2Fv2%2Fmedia&parent=4936"}],"curies":[{"name":"wp","href":"https:\/\/api.w.org\/{rel}","templated":true}]}}