{"id":4932,"date":"2022-03-17T12:10:11","date_gmt":"2022-03-17T11:10:11","guid":{"rendered":"https:\/\/www.bambergorthodox.de\/?page_id=4932"},"modified":"2024-03-08T11:42:40","modified_gmt":"2024-03-08T10:42:40","slug":"nasterea-ta-hristoase","status":"publish","type":"page","link":"https:\/\/www.bambergorthodox.de\/?page_id=4932","title":{"rendered":"Na\u0219terea Ta, Hristoase"},"content":{"rendered":"&#8221;Na\u0219terea Ta, Hristoase, Dumnezeul nostru, r\u0103s\u0103rit-a lumii Lumina cuno\u0219tin\u021bei, c\u0103 \u00eentru ea, cei ce slujeau stelelor de la stea s-au \u00eenv\u0103\u021bat s\u0103 se \u00eenchine \u021aie, Soarelui drept\u0103\u021bii, \u0219i s\u0103 Te cunoasc\u0103 pe Tine, R\u0103s\u0103ritul cel de sus.<br \/>\nDoamne, m\u0103rire \u021aie!&#8221;<\/p>\n<p>Partitura, cor mixt (pdf): <a href=\"https:\/\/www.bambergorthodox.de\/wp-content\/uploads\/2024\/02\/Nasterea-Ta.pdf\">Na\u0219terea Ta, Hristoase<\/a><\/p>\n<p>Voci (mp3): <a href=\"https:\/\/www.bambergorthodox.de\/wp-content\/uploads\/2024\/02\/Nasterea-Ta-1.mp3\">sopran<\/a>,\u00a0<a href=\"https:\/\/www.bambergorthodox.de\/wp-content\/uploads\/2024\/02\/Nasterea-Ta-2.mp3\">alto<\/a>,\u00a0<a href=\"https:\/\/www.bambergorthodox.de\/wp-content\/uploads\/2024\/02\/Nasterea-Ta-3.mp3\">bariton<\/a>,\u00a0<a href=\"https:\/\/www.bambergorthodox.de\/wp-content\/uploads\/2024\/02\/Nasterea-Ta.mp3\">cor mixt<\/a><\/p>\n<p>Surs\u0103 Lilypond (ly): <a href=\"https:\/\/www.bambergorthodox.de\/wp-content\/uploads\/2024\/02\/Nasterea-Ta.zip\">Na\u0219terea Ta, Hristoase<\/a>","protected":false},"excerpt":{"rendered":"<p>&#8221;Na\u0219terea Ta, Hristoase, Dumnezeul nostru, r\u0103s\u0103rit-a lumii Lumina cuno\u0219tin\u021bei, c\u0103 \u00eentru ea, cei ce slujeau stelelor de la stea s-au \u00eenv\u0103\u021bat s\u0103 se \u00eenchine \u021aie, Soarelui drept\u0103\u021bii, \u0219i s\u0103 Te cunoasc\u0103 pe Tine, R\u0103s\u0103ritul cel de sus. Doamne, m\u0103rire \u021aie!&#8221; Partitura, cor mixt (pdf): Na\u0219terea Ta, Hristoase Voci (mp3): sopran,\u00a0alto,\u00a0bariton,\u00a0cor mixt Surs\u0103 Lilypond (ly): Na\u0219terea &#8230; <a class=\"read-more\" href=\"https:\/\/www.bambergorthodox.de\/?page_id=4932\">Read more&#8230;<\/a><\/p>\n","protected":false},"author":2,"featured_media":0,"parent":0,"menu_order":0,"comment_status":"closed","ping_status":"closed","template":"","meta":{"jetpack_post_was_ever_published":false,"footnotes":""},"class_list":["post-4932","page","type-page","status-publish"],"jetpack_sharing_enabled":true,"jetpack_shortlink":"https:\/\/wp.me\/P93ZOd-1hy","_links":{"self":[{"href":"https:\/\/www.bambergorthodox.de\/index.php?rest_route=\/wp\/v2\/pages\/4932","targetHints":{"allow":["GET"]}}],"collection":[{"href":"https:\/\/www.bambergorthodox.de\/index.php?rest_route=\/wp\/v2\/pages"}],"about":[{"href":"https:\/\/www.bambergorthodox.de\/index.php?rest_route=\/wp\/v2\/types\/page"}],"author":[{"embeddable":true,"href":"https:\/\/www.bambergorthodox.de\/index.php?rest_route=\/wp\/v2\/users\/2"}],"replies":[{"embeddable":true,"href":"https:\/\/www.bambergorthodox.de\/index.php?rest_route=%2Fwp%2Fv2%2Fcomments&post=4932"}],"version-history":[{"count":3,"href":"https:\/\/www.bambergorthodox.de\/index.php?rest_route=\/wp\/v2\/pages\/4932\/revisions"}],"predecessor-version":[{"id":6860,"href":"https:\/\/www.bambergorthodox.de\/index.php?rest_route=\/wp\/v2\/pages\/4932\/revisions\/6860"}],"wp:attachment":[{"href":"https:\/\/www.bambergorthodox.de\/index.php?rest_route=%2Fwp%2Fv2%2Fmedia&parent=4932"}],"curies":[{"name":"wp","href":"https:\/\/api.w.org\/{rel}","templated":true}]}}