{"id":4886,"date":"2022-03-16T12:53:01","date_gmt":"2022-03-16T11:53:01","guid":{"rendered":"https:\/\/www.bambergorthodox.de\/?page_id=4886"},"modified":"2025-07-15T11:07:34","modified_gmt":"2025-07-15T09:07:34","slug":"rasai-asupra-mea","status":"publish","type":"page","link":"https:\/\/www.bambergorthodox.de\/?page_id=4886","title":{"rendered":"R\u0103sai asupra mea"},"content":{"rendered":"&#8221;R\u0103sai asupra mea, lumin\u0103 lin\u0103,<br \/>\nCa-n visul meu ceresc d-odinioar\u0103;<br \/>\nO, maic\u0103 sf\u00e2nt\u0103, pururea fecioar\u0103,<br \/>\n\u00cen noaptea g\u00e2ndurilor mele vin\u0103.&#8221;<\/p>\n<p>Alt\u0103 poezie \u00eenchinat\u0103 Fecioarei Maria, de c\u0103tre Mihai Eminescu (1850-1889).<\/p>\n<p>Partitura, cor mixt (pdf): <a href=\"https:\/\/www.bambergorthodox.de\/wp-content\/uploads\/2025\/07\/RasaiAsupraMea.pdf\">R\u0103sai asupra mea<\/a><\/p>\n<p>Voci (mp3): <a href=\"https:\/\/www.bambergorthodox.de\/wp-content\/uploads\/2024\/02\/RasaiAsupraMea-1.mp3\">sopran<\/a>,\u00a0<a href=\"https:\/\/www.bambergorthodox.de\/wp-content\/uploads\/2024\/02\/RasaiAsupraMea-2.mp3\">alto<\/a>, <a href=\"https:\/\/www.bambergorthodox.de\/wp-content\/uploads\/2025\/07\/RasaiAsupraMea-3.mp3\">tenor<\/a>, <a href=\"https:\/\/www.bambergorthodox.de\/wp-content\/uploads\/2025\/07\/RasaiAsupraMea-4.mp3\">bas<\/a>,\u00a0<a href=\"https:\/\/www.bambergorthodox.de\/wp-content\/uploads\/2025\/07\/RasaiAsupraMea.mp3\">cor<\/a><\/p>\n<p>Surs\u0103 Lilypond (ly): <a href=\"https:\/\/www.bambergorthodox.de\/wp-content\/uploads\/2025\/07\/RasaiAsupraMea.zip\">R\u0103sai asupra mea<\/a>","protected":false},"excerpt":{"rendered":"<p>&#8221;R\u0103sai asupra mea, lumin\u0103 lin\u0103, Ca-n visul meu ceresc d-odinioar\u0103; O, maic\u0103 sf\u00e2nt\u0103, pururea fecioar\u0103, \u00cen noaptea g\u00e2ndurilor mele vin\u0103.&#8221; Alt\u0103 poezie \u00eenchinat\u0103 Fecioarei Maria, de c\u0103tre Mihai Eminescu (1850-1889). Partitura, cor mixt (pdf): R\u0103sai asupra mea Voci (mp3): sopran,\u00a0alto, tenor, bas,\u00a0cor Surs\u0103 Lilypond (ly): R\u0103sai asupra mea<\/p>\n","protected":false},"author":2,"featured_media":0,"parent":0,"menu_order":0,"comment_status":"closed","ping_status":"closed","template":"","meta":{"jetpack_post_was_ever_published":false,"footnotes":""},"class_list":["post-4886","page","type-page","status-publish"],"jetpack_sharing_enabled":true,"jetpack_shortlink":"https:\/\/wp.me\/P93ZOd-1gO","_links":{"self":[{"href":"https:\/\/www.bambergorthodox.de\/index.php?rest_route=\/wp\/v2\/pages\/4886","targetHints":{"allow":["GET"]}}],"collection":[{"href":"https:\/\/www.bambergorthodox.de\/index.php?rest_route=\/wp\/v2\/pages"}],"about":[{"href":"https:\/\/www.bambergorthodox.de\/index.php?rest_route=\/wp\/v2\/types\/page"}],"author":[{"embeddable":true,"href":"https:\/\/www.bambergorthodox.de\/index.php?rest_route=\/wp\/v2\/users\/2"}],"replies":[{"embeddable":true,"href":"https:\/\/www.bambergorthodox.de\/index.php?rest_route=%2Fwp%2Fv2%2Fcomments&post=4886"}],"version-history":[{"count":6,"href":"https:\/\/www.bambergorthodox.de\/index.php?rest_route=\/wp\/v2\/pages\/4886\/revisions"}],"predecessor-version":[{"id":8102,"href":"https:\/\/www.bambergorthodox.de\/index.php?rest_route=\/wp\/v2\/pages\/4886\/revisions\/8102"}],"wp:attachment":[{"href":"https:\/\/www.bambergorthodox.de\/index.php?rest_route=%2Fwp%2Fv2%2Fmedia&parent=4886"}],"curies":[{"name":"wp","href":"https:\/\/api.w.org\/{rel}","templated":true}]}}