{"id":47,"date":"2015-05-31T21:00:38","date_gmt":"2015-05-31T19:00:38","guid":{"rendered":"http:\/\/www.bambergorthodox.de\/wp\/?page_id=47"},"modified":"2017-02-22T10:45:59","modified_gmt":"2017-02-22T09:45:59","slug":"donatii","status":"publish","type":"page","link":"https:\/\/www.bambergorthodox.de\/?page_id=47","title":{"rendered":"Dona\u021bii"},"content":{"rendered":"Pentru orice sum\u0103 pe care o dona\u021bi\u00a0v\u0103 mul\u021bumim \u0219i ne rug\u0103m bunului Dumnezeu s\u0103 v\u0103 ocroteasc\u0103 familiile \u0219i s\u0103 v\u0103 fie aproape mereu!<\/p>\n<p>Datele de cont ale parohiei noastre sunt:<\/p>\n<p><strong>F\u00f6rderverein Oikonomia der\u00a0Rum\u00e4nisch-Orthodoxen Kirchengemeinde Bamberg e.V.<\/strong><\/p>\n<p>IBAN:\u00a0 DE21 7705 0000 0302 6495 87<br \/>\nBIC: BYLADEM1SKB<br \/>\nBank: Sparkasse Bamberg<\/p>\n<p>Zweck:\u00a0numele dvs. \u0219i adresa complet\u0103","protected":false},"excerpt":{"rendered":"<p>Pentru orice sum\u0103 pe care o dona\u021bi\u00a0v\u0103 mul\u021bumim \u0219i ne rug\u0103m bunului Dumnezeu s\u0103 v\u0103 ocroteasc\u0103 familiile \u0219i s\u0103 v\u0103 fie aproape mereu! Datele de cont ale parohiei noastre sunt: F\u00f6rderverein Oikonomia der\u00a0Rum\u00e4nisch-Orthodoxen Kirchengemeinde Bamberg e.V. IBAN:\u00a0 DE21 7705 0000 0302 6495 87 BIC: BYLADEM1SKB Bank: Sparkasse Bamberg Zweck:\u00a0numele dvs. \u0219i adresa complet\u0103<\/p>\n","protected":false},"author":1,"featured_media":0,"parent":14,"menu_order":0,"comment_status":"closed","ping_status":"open","template":"","meta":{"jetpack_post_was_ever_published":false,"footnotes":""},"class_list":["post-47","page","type-page","status-publish"],"jetpack_sharing_enabled":true,"jetpack_shortlink":"https:\/\/wp.me\/P93ZOd-L","_links":{"self":[{"href":"https:\/\/www.bambergorthodox.de\/index.php?rest_route=\/wp\/v2\/pages\/47","targetHints":{"allow":["GET"]}}],"collection":[{"href":"https:\/\/www.bambergorthodox.de\/index.php?rest_route=\/wp\/v2\/pages"}],"about":[{"href":"https:\/\/www.bambergorthodox.de\/index.php?rest_route=\/wp\/v2\/types\/page"}],"author":[{"embeddable":true,"href":"https:\/\/www.bambergorthodox.de\/index.php?rest_route=\/wp\/v2\/users\/1"}],"replies":[{"embeddable":true,"href":"https:\/\/www.bambergorthodox.de\/index.php?rest_route=%2Fwp%2Fv2%2Fcomments&post=47"}],"version-history":[{"count":11,"href":"https:\/\/www.bambergorthodox.de\/index.php?rest_route=\/wp\/v2\/pages\/47\/revisions"}],"predecessor-version":[{"id":1814,"href":"https:\/\/www.bambergorthodox.de\/index.php?rest_route=\/wp\/v2\/pages\/47\/revisions\/1814"}],"up":[{"embeddable":true,"href":"https:\/\/www.bambergorthodox.de\/index.php?rest_route=\/wp\/v2\/pages\/14"}],"wp:attachment":[{"href":"https:\/\/www.bambergorthodox.de\/index.php?rest_route=%2Fwp%2Fv2%2Fmedia&parent=47"}],"curies":[{"name":"wp","href":"https:\/\/api.w.org\/{rel}","templated":true}]}}