{"id":4587,"date":"2021-01-28T08:12:14","date_gmt":"2021-01-28T07:12:14","guid":{"rendered":"https:\/\/www.bambergorthodox.de\/?page_id=4587"},"modified":"2024-03-05T17:47:11","modified_gmt":"2024-03-05T16:47:11","slug":"mai-langa-tronul-tau","status":"publish","type":"page","link":"https:\/\/www.bambergorthodox.de\/?page_id=4587","title":{"rendered":"Mai l\u00e2ng\u0103 Tronul T\u0103u"},"content":{"rendered":"Mai l\u00e2ng\u0103 Tronul T\u0103u, sufletul meu caut\u0103 locul s\u0103u, dorit mereu&#8230;<\/p>\n<p>Cu toate c\u0103 \u00een Antologia coral\u0103 (sub \u00eengrijirea Pr. Prof. Dr. Nicu Moldoveanu) este trecut ca \u0219i compozitor un anume Fr. Search (care nu exist\u0103; probabil era vorba de germanul Friedrich Silcher, care nici el nu e corect, de\u0219i seam\u0103n\u0103, ca stil), adev\u0103ratul compozitor este nimeni altul dec\u00e2t cunoscutul american Lowell Mason (1792-1872), autor a peste 1500 c\u00e2ntece biserice\u0219ti. Sub titlul <em>Nearer, My God, To Thee, <\/em>melodia a fost un adev\u0103rat \u201dhit\u201d la vremea ei, mul\u021bi consider\u00e2nd-o capodopera maestrului. Pe versurile lui Sarah Flower Adams (1841), \u00een spa\u021biul anglo-american este mai degrab\u0103 un c\u00e2ntec de \u00eenmorm\u00e2ntare, \u00eendemn\u00e2nd la reculegere.<\/p>\n<p>Armonizarea e a Pr. Mihail Chiri\u021b\u0103.<\/p>\n<p>&nbsp;<\/p>\n<p>Partitura, cor mixt (pdf): <a href=\"https:\/\/www.bambergorthodox.de\/wp-content\/uploads\/2024\/03\/Mai-langa.pdf\">Mai l\u00e2ng\u0103 Tronul T\u0103u<\/a><\/p>\n<p>Voci (mp3): <a href=\"https:\/\/www.bambergorthodox.de\/wp-content\/uploads\/2024\/03\/Mai-langa-1.mp3\">sopran<\/a>, <a href=\"https:\/\/www.bambergorthodox.de\/wp-content\/uploads\/2024\/03\/Mai-langa-2.mp3\">alto<\/a>, <a href=\"https:\/\/www.bambergorthodox.de\/wp-content\/uploads\/2024\/03\/Mai-langa-3.mp3\">tenor<\/a>, <a href=\"https:\/\/www.bambergorthodox.de\/wp-content\/uploads\/2024\/03\/Mai-langa-4.mp3\">bas<\/a>, <a href=\"https:\/\/www.bambergorthodox.de\/wp-content\/uploads\/2024\/03\/Mai-langa.mp3\">cor mixt<\/a><\/p>\n<p>Surs\u0103 Lilypond (ly): <a href=\"https:\/\/www.bambergorthodox.de\/wp-content\/uploads\/2024\/03\/Mai-langa.zip\">Mai l\u00e2ng\u0103 Tronul T\u0103u<\/a>","protected":false},"excerpt":{"rendered":"<p>Mai l\u00e2ng\u0103 Tronul T\u0103u, sufletul meu caut\u0103 locul s\u0103u, dorit mereu&#8230; Cu toate c\u0103 \u00een Antologia coral\u0103 (sub \u00eengrijirea Pr. Prof. Dr. Nicu Moldoveanu) este trecut ca \u0219i compozitor un anume Fr. Search (care nu exist\u0103; probabil era vorba de germanul Friedrich Silcher, care nici el nu e corect, de\u0219i seam\u0103n\u0103, ca stil), adev\u0103ratul compozitor &#8230; <a class=\"read-more\" href=\"https:\/\/www.bambergorthodox.de\/?page_id=4587\">Read more&#8230;<\/a><\/p>\n","protected":false},"author":2,"featured_media":0,"parent":0,"menu_order":0,"comment_status":"closed","ping_status":"closed","template":"","meta":{"jetpack_post_was_ever_published":false,"footnotes":""},"class_list":["post-4587","page","type-page","status-publish"],"jetpack_sharing_enabled":true,"jetpack_shortlink":"https:\/\/wp.me\/P93ZOd-1bZ","_links":{"self":[{"href":"https:\/\/www.bambergorthodox.de\/index.php?rest_route=\/wp\/v2\/pages\/4587","targetHints":{"allow":["GET"]}}],"collection":[{"href":"https:\/\/www.bambergorthodox.de\/index.php?rest_route=\/wp\/v2\/pages"}],"about":[{"href":"https:\/\/www.bambergorthodox.de\/index.php?rest_route=\/wp\/v2\/types\/page"}],"author":[{"embeddable":true,"href":"https:\/\/www.bambergorthodox.de\/index.php?rest_route=\/wp\/v2\/users\/2"}],"replies":[{"embeddable":true,"href":"https:\/\/www.bambergorthodox.de\/index.php?rest_route=%2Fwp%2Fv2%2Fcomments&post=4587"}],"version-history":[{"count":4,"href":"https:\/\/www.bambergorthodox.de\/index.php?rest_route=\/wp\/v2\/pages\/4587\/revisions"}],"predecessor-version":[{"id":6723,"href":"https:\/\/www.bambergorthodox.de\/index.php?rest_route=\/wp\/v2\/pages\/4587\/revisions\/6723"}],"wp:attachment":[{"href":"https:\/\/www.bambergorthodox.de\/index.php?rest_route=%2Fwp%2Fv2%2Fmedia&parent=4587"}],"curies":[{"name":"wp","href":"https:\/\/api.w.org\/{rel}","templated":true}]}}