{"id":4539,"date":"2020-10-06T15:28:50","date_gmt":"2020-10-06T13:28:50","guid":{"rendered":"https:\/\/www.bambergorthodox.de\/?page_id=4539"},"modified":"2024-03-07T10:31:58","modified_gmt":"2024-03-07T09:31:58","slug":"biroul-de-integrare","status":"publish","type":"page","link":"https:\/\/www.bambergorthodox.de\/?page_id=4539","title":{"rendered":"Biroul de integrare"},"content":{"rendered":"<p style=\"text-align: left;\">Activitatea biroului de integrare al parohiei noastre const\u0103 \u00een oferirea de consiliere gratuit\u0103 cu privire la urm\u0103toarele teme:<\/p>\n<p><a  href=\"https:\/\/www.bambergorthodox.de\/wp-content\/uploads\/2023\/12\/4e841645-2685-4d86-ab8a-7f003dfe0f96.jpeg\" data-rel=\"lightbox-gallery-0\" data-rl_title=\"\" data-rl_caption=\"\" title=\"\"><img loading=\"lazy\" decoding=\"async\" class=\"alignleft wp-image-5652 size-thumbnail\" src=\"https:\/\/www.bambergorthodox.de\/wp-content\/uploads\/2023\/12\/4e841645-2685-4d86-ab8a-7f003dfe0f96-150x150.jpeg\" alt=\"\" width=\"150\" height=\"150\" \/><\/a><\/p>\n<ol>\n<li>Cereri, formulare, coresponden\u021b\u0103, eventuale chirii (Elterngeld, Elternzeit, Vertr\u00e4ge)<\/li>\n<li>Ajutor social, \u0219omaj, etc. (Jobcenter\/Arbeitsagentur)<\/li>\n<li>Orientare pe pia\u021ba muncii \u0219i \u00een societate (Bewerbungen)<\/li>\n<li>Consiliere financiar\u0103 de orice tip (asigur\u0103ri, impozit)<\/li>\n<li>Cursuri de dezvoltare personal\u0103 \u0219i informa\u021bii financiare elementare<\/li>\n<\/ol>\n<p>&nbsp;<\/p>\n<p style=\"font-weight: 400;\"><strong>Persoana de contact:<\/strong><\/p>\n<p style=\"font-weight: 400; text-align: left;\"><strong>Ionu\u021b Adrian N\u0103st\u0103soaia<\/strong><a  href=\"https:\/\/www.bambergorthodox.de\/wp-content\/uploads\/2023\/12\/cq5dam.heroimageportrait.png\" data-rel=\"lightbox-gallery-0\" data-rl_title=\"\" data-rl_caption=\"\" title=\"\"><img loading=\"lazy\" decoding=\"async\" class=\"wp-image-5650 size-thumbnail alignleft\" src=\"https:\/\/www.bambergorthodox.de\/wp-content\/uploads\/2023\/12\/cq5dam.heroimageportrait-150x150.png\" alt=\"\" width=\"150\" height=\"150\" srcset=\"https:\/\/www.bambergorthodox.de\/wp-content\/uploads\/2023\/12\/cq5dam.heroimageportrait-150x150.png 150w, https:\/\/www.bambergorthodox.de\/wp-content\/uploads\/2023\/12\/cq5dam.heroimageportrait-300x300.png 300w, https:\/\/www.bambergorthodox.de\/wp-content\/uploads\/2023\/12\/cq5dam.heroimageportrait-768x768.png 768w, https:\/\/www.bambergorthodox.de\/wp-content\/uploads\/2023\/12\/cq5dam.heroimageportrait.png 810w\" sizes=\"auto, (max-width: 150px) 100vw, 150px\" \/><\/a><\/p>\n<p style=\"font-weight: 400; text-align: left;\">Wifostr 14 96157 Ebrach \/ Sigmundstr 155 90431 N\u00fcrnberg \u00a0 \u00a0 \u00a0 \u00a0 \u00a0 \u00a0 \u00a0 \u00a0 \u00a0 \u00a0 \u00a0 \u00a0 \u00a0 \u00a0 \u00a0 \u00a0 \u00a0 \u00a0 \u00a0 \u00a0 \u00a0 \u00a0 \u00a0 \u00a0 \u00a0 \u00a0 \u00a0 \u00a0 \u00a0 \u00a0 \u00a0 \u00a0 \u00a0 \u00a0 \u00a0 \u00a0 Telefon: +49 15163612361 sau E-mail: ionut.nastasoaia@dvag.de<\/p>","protected":false},"excerpt":{"rendered":"<p>Activitatea biroului de integrare al parohiei noastre const\u0103 \u00een oferirea de consiliere gratuit\u0103 cu privire la urm\u0103toarele teme: Cereri, formulare, coresponden\u021b\u0103, eventuale chirii (Elterngeld, Elternzeit, Vertr\u00e4ge) Ajutor social, \u0219omaj, etc. (Jobcenter\/Arbeitsagentur) Orientare pe pia\u021ba muncii \u0219i \u00een societate (Bewerbungen) Consiliere financiar\u0103 de orice tip (asigur\u0103ri, impozit) Cursuri de dezvoltare personal\u0103 \u0219i informa\u021bii financiare elementare &nbsp; &#8230; <a class=\"read-more\" href=\"https:\/\/www.bambergorthodox.de\/?page_id=4539\">Read more&#8230;<\/a><\/p>\n","protected":false},"author":1,"featured_media":0,"parent":0,"menu_order":0,"comment_status":"closed","ping_status":"closed","template":"","meta":{"jetpack_post_was_ever_published":false,"footnotes":""},"class_list":["post-4539","page","type-page","status-publish"],"jetpack_sharing_enabled":true,"jetpack_shortlink":"https:\/\/wp.me\/P93ZOd-1bd","_links":{"self":[{"href":"https:\/\/www.bambergorthodox.de\/index.php?rest_route=\/wp\/v2\/pages\/4539","targetHints":{"allow":["GET"]}}],"collection":[{"href":"https:\/\/www.bambergorthodox.de\/index.php?rest_route=\/wp\/v2\/pages"}],"about":[{"href":"https:\/\/www.bambergorthodox.de\/index.php?rest_route=\/wp\/v2\/types\/page"}],"author":[{"embeddable":true,"href":"https:\/\/www.bambergorthodox.de\/index.php?rest_route=\/wp\/v2\/users\/1"}],"replies":[{"embeddable":true,"href":"https:\/\/www.bambergorthodox.de\/index.php?rest_route=%2Fwp%2Fv2%2Fcomments&post=4539"}],"version-history":[{"count":17,"href":"https:\/\/www.bambergorthodox.de\/index.php?rest_route=\/wp\/v2\/pages\/4539\/revisions"}],"predecessor-version":[{"id":6785,"href":"https:\/\/www.bambergorthodox.de\/index.php?rest_route=\/wp\/v2\/pages\/4539\/revisions\/6785"}],"wp:attachment":[{"href":"https:\/\/www.bambergorthodox.de\/index.php?rest_route=%2Fwp%2Fv2%2Fmedia&parent=4539"}],"curies":[{"name":"wp","href":"https:\/\/api.w.org\/{rel}","templated":true}]}}