{"id":4154,"date":"2019-09-02T14:25:14","date_gmt":"2019-09-02T12:25:14","guid":{"rendered":"https:\/\/www.bambergorthodox.de\/?page_id=4154"},"modified":"2024-03-06T20:37:47","modified_gmt":"2024-03-06T19:37:47","slug":"usa-milostivirii","status":"publish","type":"page","link":"https:\/\/www.bambergorthodox.de\/?page_id=4154","title":{"rendered":"U\u0219a milostivirii"},"content":{"rendered":"\u201dU\u0219a milostivirii deschide-o nou\u0103, binecuv\u00e2ntat\u0103 N\u0103sc\u0103toare de Dumnezeu, Fecioar\u0103, ca s\u0103 nu pierim cei ce n\u0103d\u0103jduim \u00een tine, ci s\u0103 ne m\u00e2ntuim, prin tine, din nevoi, c\u0103 tu e\u0219ti m\u00e2ntuirea neamului cre\u0219tinesc.&#8221;<\/p>\n<p>&nbsp;<\/p>\n<p>Partitura, cor mixt (pdf): <a href=\"https:\/\/www.bambergorthodox.de\/wp-content\/uploads\/2024\/02\/Usa-milo.pdf\">U\u0219a milostivirii<\/a><\/p>\n<p>Voci (mp3): <a href=\"https:\/\/www.bambergorthodox.de\/wp-content\/uploads\/2024\/02\/Usa-milo-1.mp3\">sopran<\/a>,\u00a0<a href=\"https:\/\/www.bambergorthodox.de\/wp-content\/uploads\/2024\/02\/Usa-milo-2.mp3\">alto<\/a>,\u00a0<a href=\"https:\/\/www.bambergorthodox.de\/wp-content\/uploads\/2024\/02\/Usa-milo-3.mp3\">bariton<\/a>,\u00a0<a href=\"https:\/\/www.bambergorthodox.de\/wp-content\/uploads\/2024\/02\/Usa-milo.mp3\">cor mixt<\/a><\/p>\n<p>Surs\u0103 Lilypond (ly): <a href=\"https:\/\/www.bambergorthodox.de\/wp-content\/uploads\/2024\/02\/Usa-milo.zip\">U\u0219a milostivirii<\/a>","protected":false},"excerpt":{"rendered":"<p>\u201dU\u0219a milostivirii deschide-o nou\u0103, binecuv\u00e2ntat\u0103 N\u0103sc\u0103toare de Dumnezeu, Fecioar\u0103, ca s\u0103 nu pierim cei ce n\u0103d\u0103jduim \u00een tine, ci s\u0103 ne m\u00e2ntuim, prin tine, din nevoi, c\u0103 tu e\u0219ti m\u00e2ntuirea neamului cre\u0219tinesc.&#8221; &nbsp; Partitura, cor mixt (pdf): U\u0219a milostivirii Voci (mp3): sopran,\u00a0alto,\u00a0bariton,\u00a0cor mixt Surs\u0103 Lilypond (ly): U\u0219a milostivirii<\/p>\n","protected":false},"author":2,"featured_media":0,"parent":0,"menu_order":0,"comment_status":"closed","ping_status":"closed","template":"","meta":{"jetpack_post_was_ever_published":false,"footnotes":""},"class_list":["post-4154","page","type-page","status-publish"],"jetpack_sharing_enabled":true,"jetpack_shortlink":"https:\/\/wp.me\/P93ZOd-150","_links":{"self":[{"href":"https:\/\/www.bambergorthodox.de\/index.php?rest_route=\/wp\/v2\/pages\/4154","targetHints":{"allow":["GET"]}}],"collection":[{"href":"https:\/\/www.bambergorthodox.de\/index.php?rest_route=\/wp\/v2\/pages"}],"about":[{"href":"https:\/\/www.bambergorthodox.de\/index.php?rest_route=\/wp\/v2\/types\/page"}],"author":[{"embeddable":true,"href":"https:\/\/www.bambergorthodox.de\/index.php?rest_route=\/wp\/v2\/users\/2"}],"replies":[{"embeddable":true,"href":"https:\/\/www.bambergorthodox.de\/index.php?rest_route=%2Fwp%2Fv2%2Fcomments&post=4154"}],"version-history":[{"count":3,"href":"https:\/\/www.bambergorthodox.de\/index.php?rest_route=\/wp\/v2\/pages\/4154\/revisions"}],"predecessor-version":[{"id":6774,"href":"https:\/\/www.bambergorthodox.de\/index.php?rest_route=\/wp\/v2\/pages\/4154\/revisions\/6774"}],"wp:attachment":[{"href":"https:\/\/www.bambergorthodox.de\/index.php?rest_route=%2Fwp%2Fv2%2Fmedia&parent=4154"}],"curies":[{"name":"wp","href":"https:\/\/api.w.org\/{rel}","templated":true}]}}