{"id":3546,"date":"2018-02-20T08:38:40","date_gmt":"2018-02-20T07:38:40","guid":{"rendered":"http:\/\/www.bambergorthodox.de\/?page_id=3546"},"modified":"2024-03-09T16:25:39","modified_gmt":"2024-03-09T15:25:39","slug":"mucenicii-tai-doamne","status":"publish","type":"page","link":"https:\/\/www.bambergorthodox.de\/?page_id=3546","title":{"rendered":"Mucenicii T\u0103i, Doamne"},"content":{"rendered":"Troparul Sfin\u021bilor Mucenici irlandezi Chilian, Colonat \u0219i Totnan, \u00eencre\u0219tin\u0103torii Franconiei:<\/p>\n<p>&#8222;Mucenicii T\u0103i, Doamne, Chilian, Colonat \u0219i Totnan, pentru nevoin\u021bele lor, cununile nestric\u0103ciunii de la Tine au luat, c\u0103, av\u00e2nd t\u0103ria Ta, pe chinuitori au \u00eenvins; zdrobit-au \u0219i ale demonilor neputincioase \u00eendr\u0103zniri.<br \/>\nPentru rug\u0103ciunile lor, m\u00e2ntuie\u0219te sufletele noastre, Hristoase Dumnezeule.&#8221;<\/p>\n<p>&nbsp;<\/p>\n<p>Partitura, cor mixt (pdf): <a href=\"https:\/\/www.bambergorthodox.de\/wp-content\/uploads\/2024\/03\/Mucenicii-tai.pdf\">Mucenicii T\u0103i, Doamne<\/a><\/p>\n<p>Voci (mp3): <a href=\"https:\/\/www.bambergorthodox.de\/wp-content\/uploads\/2018\/02\/Mucenicii-tai-1.mp3\">sopran<\/a>, <a href=\"https:\/\/www.bambergorthodox.de\/wp-content\/uploads\/2018\/02\/Mucenicii-tai-2.mp3\">alto<\/a>, <a href=\"https:\/\/www.bambergorthodox.de\/wp-content\/uploads\/2018\/02\/Mucenicii-tai-3.mp3\">bariton<\/a>, <a href=\"https:\/\/www.bambergorthodox.de\/wp-content\/uploads\/2018\/02\/Mucenicii-tai.mp3\">cor mixt<\/a><\/p>\n<p>Surs\u0103 Lilypond (ly): <a href=\"https:\/\/www.bambergorthodox.de\/wp-content\/uploads\/2024\/03\/Mucenicii-tai.zip\">Mucenicii T\u0103i, Doamne<\/a>","protected":false},"excerpt":{"rendered":"<p>Troparul Sfin\u021bilor Mucenici irlandezi Chilian, Colonat \u0219i Totnan, \u00eencre\u0219tin\u0103torii Franconiei: &#8222;Mucenicii T\u0103i, Doamne, Chilian, Colonat \u0219i Totnan, pentru nevoin\u021bele lor, cununile nestric\u0103ciunii de la Tine au luat, c\u0103, av\u00e2nd t\u0103ria Ta, pe chinuitori au \u00eenvins; zdrobit-au \u0219i ale demonilor neputincioase \u00eendr\u0103zniri. Pentru rug\u0103ciunile lor, m\u00e2ntuie\u0219te sufletele noastre, Hristoase Dumnezeule.&#8221; &nbsp; Partitura, cor mixt (pdf): Mucenicii &#8230; <a class=\"read-more\" href=\"https:\/\/www.bambergorthodox.de\/?page_id=3546\">Read more&#8230;<\/a><\/p>\n","protected":false},"author":2,"featured_media":0,"parent":0,"menu_order":0,"comment_status":"closed","ping_status":"closed","template":"","meta":{"jetpack_post_was_ever_published":false,"footnotes":""},"class_list":["post-3546","page","type-page","status-publish"],"jetpack_sharing_enabled":true,"jetpack_shortlink":"https:\/\/wp.me\/P93ZOd-Vc","_links":{"self":[{"href":"https:\/\/www.bambergorthodox.de\/index.php?rest_route=\/wp\/v2\/pages\/3546","targetHints":{"allow":["GET"]}}],"collection":[{"href":"https:\/\/www.bambergorthodox.de\/index.php?rest_route=\/wp\/v2\/pages"}],"about":[{"href":"https:\/\/www.bambergorthodox.de\/index.php?rest_route=\/wp\/v2\/types\/page"}],"author":[{"embeddable":true,"href":"https:\/\/www.bambergorthodox.de\/index.php?rest_route=\/wp\/v2\/users\/2"}],"replies":[{"embeddable":true,"href":"https:\/\/www.bambergorthodox.de\/index.php?rest_route=%2Fwp%2Fv2%2Fcomments&post=3546"}],"version-history":[{"count":3,"href":"https:\/\/www.bambergorthodox.de\/index.php?rest_route=\/wp\/v2\/pages\/3546\/revisions"}],"predecessor-version":[{"id":6998,"href":"https:\/\/www.bambergorthodox.de\/index.php?rest_route=\/wp\/v2\/pages\/3546\/revisions\/6998"}],"wp:attachment":[{"href":"https:\/\/www.bambergorthodox.de\/index.php?rest_route=%2Fwp%2Fv2%2Fmedia&parent=3546"}],"curies":[{"name":"wp","href":"https:\/\/api.w.org\/{rel}","templated":true}]}}