{"id":3445,"date":"2018-01-15T10:53:04","date_gmt":"2018-01-15T09:53:04","guid":{"rendered":"http:\/\/www.bambergorthodox.de\/?page_id=3445"},"modified":"2024-03-08T14:06:56","modified_gmt":"2024-03-08T13:06:56","slug":"psalmul-50","status":"publish","type":"page","link":"https:\/\/www.bambergorthodox.de\/?page_id=3445","title":{"rendered":"Psalmul 50"},"content":{"rendered":"&#8221;Dar Domnul a zis c\u0103tre Samuel: &#8222;Nu te uita la \u00eenf\u0103\u021bi\u0219area lui \u0219i la \u00een\u0103l\u021bimea staturii lui; Eu nu M\u0103 uit ca omul; c\u0103ci omul se uit\u0103 la fa\u021b\u0103, iar Domnul se uit\u0103 la inim\u0103&#8221;. (I Regi, 16)<\/p>\n<p>David, Unsul lui Dumnezeu, rege al iudeilor, tat\u0103 al \u00een\u021beleptului Solomon, c\u00e2nt\u0103re\u021b din harp\u0103, \u00eenving\u0103torul lui Goliat, a compus acest minunat psalm de poc\u0103in\u021b\u0103 \u201dc\u00e2nd a venit la el profetul Natan ca s\u0103-l mustre pentru vremea c\u00e2nd el intrase la Bat\u0219eba, femeia lui Urie\u201d, cel mai bun general al s\u0103u. \u00cen cuvintele Bibliei (II Regi, 11):<br \/>\n&#8222;\u00centr-o sear\u0103, regele s-a sculat din patul s\u0103u \u015fi se plimba pe acoperi\u015ful palatului. De pe acoperi\u015f a z\u0103rit o femeie foarte frumoas\u0103 care se \u00eemb\u0103ia. David a trimis pe cineva s\u0103 afle cine este femeia \u015fi i s-a spus c\u0103 este Bat\u015feba, fiica lui Eliam \u015fi so\u0163ia hititului Urie. David a trimis ni\u015fte oameni ca s-o aduc\u0103 la el. Ea a venit la el \u015fi el s-a culcat cu ea (ea tocmai se cur\u0103\u0163ise de necur\u0103\u0163ia ei). Apoi ea s-a \u00eentors acas\u0103. Femeia a r\u0103mas \u00eens\u0103rcinat\u0103 \u015fi i-a trimis vorb\u0103 lui David, zic\u00e2nd: \u201eSunt \u00eens\u0103rcinat\u0103!\u201c Atunci David i-a transmis lui Ioab: \u201eTrimite-mi-l pe hititul Urie!\u201c \u015ei Ioab l-a trimis pe Urie la David. C\u00e2nd Urie a sosit la David, acesta l-a \u00eentrebat cum este Ioab, cum este o\u015ftirea \u015fi cum se desf\u0103\u015foar\u0103 lupta. Apoi David i-a spus lui Urie:<br \/>\n\u2013 Du-te acas\u0103 \u015fi spal\u0103-\u0163i picioarele!<br \/>\nUrie a ie\u015fit din palatul regelui, iar dup\u0103 el a fost trimis un dar din partea regelui. Urie \u00eens\u0103 nu s-a dus acas\u0103, ci s-a culcat la intrarea \u00een palat, al\u0103turi de to\u0163i slujitorii st\u0103p\u00e2nului s\u0103u. C\u00e2nd i s-a spus lui David c\u0103 Urie nu s-a dus acas\u0103, David l-a \u00eentrebat pe Urie:<br \/>\n\u2013 Oare nu vii din c\u0103l\u0103torie? De ce nu te duci acas\u0103?<br \/>\n\u2013 Chivotul, cei din Israel \u015fi cei din Iuda stau \u00een corturi, i-a r\u0103spuns Urie, iar st\u0103p\u00e2nul meu, Ioab, \u015fi slujitorii st\u0103p\u00e2nului meu \u015fi-au a\u015fezat tab\u0103ra \u00een c\u00e2mp. Cum a\u015f putea, a\u015fadar, s\u0103 merg acas\u0103 s\u0103 m\u0103n\u00e2nc, s\u0103 beau \u015fi s\u0103 m\u0103 culc cu so\u0163ia mea? Viu e\u015fti tu \u015fi viu este sufletul t\u0103u c\u0103 nu voi face un asemenea lucru.[&#8230;]\n\u00cen diminea\u0163a urm\u0103toare, David a scris o scrisoare adresat\u0103 lui Ioab, pe care i-a trimis-o prin Urie. \u00cen ea a scris: \u201eTrimite\u0163i-l pe Urie \u00een linia \u00eent\u00e2i, unde lupta este mai cr\u00e2ncen\u0103 \u015fi apoi retrage\u0163i-v\u0103 de l\u00e2ng\u0103 el ca s\u0103 fie lovit \u015fi s\u0103 moar\u0103.\u201c[&#8230;]\nC\u00e2nd a auzit so\u0163ia lui Urie c\u0103 so\u0163ul ei a murit, l-a jelit. Dup\u0103 ce au trecut zilele de jale, David a trimis dup\u0103 ea \u015fi a adus-o \u00een palatul lui. Ea i-a devenit so\u0163ie \u015fi i-a n\u0103scut un fiu.<br \/>\nFapta aceasta a lui David nu a pl\u0103cut \u00eens\u0103 Domnului.&#8221;<\/p>\n<p>\u201dAl doilea e botezul poc\u0103in\u0163ei, sau al lacrimilor, pe care \u00eel putem face \u015fi trebuie f\u0103cut, ori de c\u00e2te ori ni se \u00eencarc\u0103 con\u015ftiin\u0163a cu gre\u015feli fa\u0163\u0103 de Dumnezeu, fa\u0163\u0103 de oameni \u015fi fa\u0163\u0103 de noi \u00een\u015fine.\u201d (Pr. Arsenie Boca)<\/p>\n<p>&nbsp;<\/p>\n<p>Partitura, cor mixt (pdf): <a href=\"https:\/\/www.bambergorthodox.de\/wp-content\/uploads\/2024\/02\/Ps50-3v.pdf\">Psalmul 50<\/a><\/p>\n<p>Voci (mp3): <a href=\"https:\/\/www.bambergorthodox.de\/wp-content\/uploads\/2024\/02\/Ps50-2v-1.mp3\">sopran<\/a>,\u00a0<a href=\"https:\/\/www.bambergorthodox.de\/wp-content\/uploads\/2024\/02\/Ps50-3v-2.mp3\">alto<\/a>,\u00a0<a href=\"https:\/\/www.bambergorthodox.de\/wp-content\/uploads\/2024\/02\/Ps50-2v-2.mp3\">bariton<\/a>,\u00a0<a href=\"https:\/\/bamberg.emester.com\/wp-content\/uploads\/2019\/04\/Ps50-3v.mp3\">cor mixt<\/a><\/p>\n<p>Surs\u0103 Lilypond (ly): <a href=\"https:\/\/www.bambergorthodox.de\/wp-content\/uploads\/2024\/02\/Ps50-3v.zip\">Psalmul 50<\/a>","protected":false},"excerpt":{"rendered":"<p>&#8221;Dar Domnul a zis c\u0103tre Samuel: &#8222;Nu te uita la \u00eenf\u0103\u021bi\u0219area lui \u0219i la \u00een\u0103l\u021bimea staturii lui; Eu nu M\u0103 uit ca omul; c\u0103ci omul se uit\u0103 la fa\u021b\u0103, iar Domnul se uit\u0103 la inim\u0103&#8221;. (I Regi, 16) David, Unsul lui Dumnezeu, rege al iudeilor, tat\u0103 al \u00een\u021beleptului Solomon, c\u00e2nt\u0103re\u021b din harp\u0103, \u00eenving\u0103torul lui Goliat, &#8230; <a class=\"read-more\" href=\"https:\/\/www.bambergorthodox.de\/?page_id=3445\">Read more&#8230;<\/a><\/p>\n","protected":false},"author":2,"featured_media":0,"parent":0,"menu_order":0,"comment_status":"closed","ping_status":"closed","template":"","meta":{"jetpack_post_was_ever_published":false,"footnotes":""},"class_list":["post-3445","page","type-page","status-publish"],"jetpack_sharing_enabled":true,"jetpack_shortlink":"https:\/\/wp.me\/P93ZOd-Tz","_links":{"self":[{"href":"https:\/\/www.bambergorthodox.de\/index.php?rest_route=\/wp\/v2\/pages\/3445","targetHints":{"allow":["GET"]}}],"collection":[{"href":"https:\/\/www.bambergorthodox.de\/index.php?rest_route=\/wp\/v2\/pages"}],"about":[{"href":"https:\/\/www.bambergorthodox.de\/index.php?rest_route=\/wp\/v2\/types\/page"}],"author":[{"embeddable":true,"href":"https:\/\/www.bambergorthodox.de\/index.php?rest_route=\/wp\/v2\/users\/2"}],"replies":[{"embeddable":true,"href":"https:\/\/www.bambergorthodox.de\/index.php?rest_route=%2Fwp%2Fv2%2Fcomments&post=3445"}],"version-history":[{"count":6,"href":"https:\/\/www.bambergorthodox.de\/index.php?rest_route=\/wp\/v2\/pages\/3445\/revisions"}],"predecessor-version":[{"id":6897,"href":"https:\/\/www.bambergorthodox.de\/index.php?rest_route=\/wp\/v2\/pages\/3445\/revisions\/6897"}],"wp:attachment":[{"href":"https:\/\/www.bambergorthodox.de\/index.php?rest_route=%2Fwp%2Fv2%2Fmedia&parent=3445"}],"curies":[{"name":"wp","href":"https:\/\/api.w.org\/{rel}","templated":true}]}}