{"id":3272,"date":"2017-11-27T11:12:13","date_gmt":"2017-11-27T10:12:13","guid":{"rendered":"http:\/\/www.bambergorthodox.de\/?page_id=3272"},"modified":"2024-03-14T09:25:27","modified_gmt":"2024-03-14T08:25:27","slug":"tatal-nostru-i-d-chirescu","status":"publish","type":"page","link":"https:\/\/www.bambergorthodox.de\/?page_id=3272","title":{"rendered":"Tat\u0103l nostru &#8211; I. D. Chirescu"},"content":{"rendered":"&#8221;Tat\u0103l nostru care e\u0219ti \u00een ceruri,<br \/>\nSfin\u021beasc\u0103-se numele T\u0103u,<br \/>\nVie-mp\u0103r\u0103\u021bia Ta, fac\u0103-se voia Ta,<br \/>\nprecum \u00een cer \u0219i pe p\u0103m\u00e2nt.<br \/>\nP\u00e2nea noastr\u0103 cea de toate zilele d\u0103-ne-o nou\u0103 ast\u0103zi!<br \/>\n\u0218i ne iart\u0103 gre\u0219elile noastre, precum \u0219i noi iert\u0103m gre\u0219i\u021bilor no\u0219tri.<br \/>\n\u0218i nu ne duce pe noi \u00een ispit\u0103, ci ne m\u00e2ntuie\u0219te de cel r\u0103u.&#8221;<\/p>\n<p>Partitura, cor mixt (pdf): <a href=\"https:\/\/www.bambergorthodox.de\/wp-content\/uploads\/2024\/03\/Tatal-nostru-Chir.pdf\">Tat\u0103l nostru &#8211; I. D. Chirescu<\/a><\/p>\n<p>Voci (mp3): <a href=\"https:\/\/www.bambergorthodox.de\/wp-content\/uploads\/2017\/11\/Tatal-nostru-Chir-1.mp3\">sopran<\/a>, <a href=\"https:\/\/www.bambergorthodox.de\/wp-content\/uploads\/2017\/11\/Tatal-nostru-Chir-2.mp3\">alto<\/a>, <a href=\"https:\/\/www.bambergorthodox.de\/wp-content\/uploads\/2017\/11\/Tatal-nostru-Chir-3.mp3\">tenor<\/a>, <a href=\"https:\/\/www.bambergorthodox.de\/wp-content\/uploads\/2017\/11\/Tatal-nostru-Chir-4.mp3\">bas<\/a>, <a href=\"https:\/\/www.bambergorthodox.de\/wp-content\/uploads\/2017\/11\/Tatal-nostru-Chir.mp3\">cor mixt<\/a><\/p>\n<p>Surs\u0103 Lilypond (ly): <a href=\"https:\/\/www.bambergorthodox.de\/wp-content\/uploads\/2024\/03\/Tatal-nostru-Chir.zip\">Tat\u0103l nostru &#8211; I. D. Chirescu<\/a>","protected":false},"excerpt":{"rendered":"<p>&#8221;Tat\u0103l nostru care e\u0219ti \u00een ceruri, Sfin\u021beasc\u0103-se numele T\u0103u, Vie-mp\u0103r\u0103\u021bia Ta, fac\u0103-se voia Ta, precum \u00een cer \u0219i pe p\u0103m\u00e2nt. P\u00e2nea noastr\u0103 cea de toate zilele d\u0103-ne-o nou\u0103 ast\u0103zi! \u0218i ne iart\u0103 gre\u0219elile noastre, precum \u0219i noi iert\u0103m gre\u0219i\u021bilor no\u0219tri. \u0218i nu ne duce pe noi \u00een ispit\u0103, ci ne m\u00e2ntuie\u0219te de cel r\u0103u.&#8221; Partitura, &#8230; <a class=\"read-more\" href=\"https:\/\/www.bambergorthodox.de\/?page_id=3272\">Read more&#8230;<\/a><\/p>\n","protected":false},"author":2,"featured_media":0,"parent":0,"menu_order":0,"comment_status":"closed","ping_status":"closed","template":"","meta":{"jetpack_post_was_ever_published":false,"footnotes":""},"class_list":["post-3272","page","type-page","status-publish"],"jetpack_sharing_enabled":true,"jetpack_shortlink":"https:\/\/wp.me\/P93ZOd-QM","_links":{"self":[{"href":"https:\/\/www.bambergorthodox.de\/index.php?rest_route=\/wp\/v2\/pages\/3272","targetHints":{"allow":["GET"]}}],"collection":[{"href":"https:\/\/www.bambergorthodox.de\/index.php?rest_route=\/wp\/v2\/pages"}],"about":[{"href":"https:\/\/www.bambergorthodox.de\/index.php?rest_route=\/wp\/v2\/types\/page"}],"author":[{"embeddable":true,"href":"https:\/\/www.bambergorthodox.de\/index.php?rest_route=\/wp\/v2\/users\/2"}],"replies":[{"embeddable":true,"href":"https:\/\/www.bambergorthodox.de\/index.php?rest_route=%2Fwp%2Fv2%2Fcomments&post=3272"}],"version-history":[{"count":2,"href":"https:\/\/www.bambergorthodox.de\/index.php?rest_route=\/wp\/v2\/pages\/3272\/revisions"}],"predecessor-version":[{"id":7041,"href":"https:\/\/www.bambergorthodox.de\/index.php?rest_route=\/wp\/v2\/pages\/3272\/revisions\/7041"}],"wp:attachment":[{"href":"https:\/\/www.bambergorthodox.de\/index.php?rest_route=%2Fwp%2Fv2%2Fmedia&parent=3272"}],"curies":[{"name":"wp","href":"https:\/\/api.w.org\/{rel}","templated":true}]}}