{"id":3153,"date":"2017-10-27T08:32:45","date_gmt":"2017-10-27T06:32:45","guid":{"rendered":"http:\/\/www.bambergorthodox.de\/?page_id=3153"},"modified":"2024-03-06T19:27:32","modified_gmt":"2024-03-06T18:27:32","slug":"pe-domnul-lauda-ti-l","status":"publish","type":"page","link":"https:\/\/www.bambergorthodox.de\/?page_id=3153","title":{"rendered":"Pe Domnul l\u0103uda\u021bi-L"},"content":{"rendered":"&#8221;Pe Domnul l\u0103uda\u0163i-L<br \/>\n\u00cen cerurile sfinte.<br \/>\nVoi cei din \u00een\u0103l\u0163ime<br \/>\nSl\u0103vi\u0163i-L tor\u0163i fierbinte.&#8221;<\/p>\n<p>&nbsp;<\/p>\n<p>Partitura, cor mixt (pdf): <a href=\"https:\/\/www.bambergorthodox.de\/wp-content\/uploads\/2024\/03\/Pe-Domnul-laudati-L.pdf\">Pe Domnul l\u0103uda\u021bi-L<\/a><\/p>\n<p>Voci (mp3): <a href=\"https:\/\/www.bambergorthodox.de\/wp-content\/uploads\/2017\/10\/Pe-Domnul-laudati-L-1.mp3\">sopran<\/a>, <a href=\"https:\/\/www.bambergorthodox.de\/wp-content\/uploads\/2017\/10\/Pe-Domnul-laudati-L-2.mp3\">alto<\/a>, <a href=\"https:\/\/www.bambergorthodox.de\/wp-content\/uploads\/2017\/10\/Pe-Domnul-laudati-L-3.mp3\">tenor<\/a>, <a href=\"https:\/\/www.bambergorthodox.de\/wp-content\/uploads\/2017\/10\/Pe-Domnul-laudati-L-4.mp3\">bas<\/a>, <a href=\"https:\/\/www.bambergorthodox.de\/wp-content\/uploads\/2017\/10\/Pe-Domnul-laudati-L.mp3\">cor mixt<\/a><\/p>\n<p>Surs\u0103 Lilypond (ly): <a href=\"https:\/\/www.bambergorthodox.de\/wp-content\/uploads\/2024\/03\/Pe-Domnul-laudati-L.zip\">Pe Domnul l\u0103uda\u021bi-L<\/a>","protected":false},"excerpt":{"rendered":"<p>&#8221;Pe Domnul l\u0103uda\u0163i-L \u00cen cerurile sfinte. Voi cei din \u00een\u0103l\u0163ime Sl\u0103vi\u0163i-L tor\u0163i fierbinte.&#8221; &nbsp; Partitura, cor mixt (pdf): Pe Domnul l\u0103uda\u021bi-L Voci (mp3): sopran, alto, tenor, bas, cor mixt Surs\u0103 Lilypond (ly): Pe Domnul l\u0103uda\u021bi-L<\/p>\n","protected":false},"author":2,"featured_media":0,"parent":0,"menu_order":0,"comment_status":"closed","ping_status":"closed","template":"","meta":{"jetpack_post_was_ever_published":false,"footnotes":""},"class_list":["post-3153","page","type-page","status-publish"],"jetpack_sharing_enabled":true,"jetpack_shortlink":"https:\/\/wp.me\/P93ZOd-OR","_links":{"self":[{"href":"https:\/\/www.bambergorthodox.de\/index.php?rest_route=\/wp\/v2\/pages\/3153","targetHints":{"allow":["GET"]}}],"collection":[{"href":"https:\/\/www.bambergorthodox.de\/index.php?rest_route=\/wp\/v2\/pages"}],"about":[{"href":"https:\/\/www.bambergorthodox.de\/index.php?rest_route=\/wp\/v2\/types\/page"}],"author":[{"embeddable":true,"href":"https:\/\/www.bambergorthodox.de\/index.php?rest_route=\/wp\/v2\/users\/2"}],"replies":[{"embeddable":true,"href":"https:\/\/www.bambergorthodox.de\/index.php?rest_route=%2Fwp%2Fv2%2Fcomments&post=3153"}],"version-history":[{"count":3,"href":"https:\/\/www.bambergorthodox.de\/index.php?rest_route=\/wp\/v2\/pages\/3153\/revisions"}],"predecessor-version":[{"id":6741,"href":"https:\/\/www.bambergorthodox.de\/index.php?rest_route=\/wp\/v2\/pages\/3153\/revisions\/6741"}],"wp:attachment":[{"href":"https:\/\/www.bambergorthodox.de\/index.php?rest_route=%2Fwp%2Fv2%2Fmedia&parent=3153"}],"curies":[{"name":"wp","href":"https:\/\/api.w.org\/{rel}","templated":true}]}}