{"id":3137,"date":"2017-10-24T10:06:55","date_gmt":"2017-10-24T08:06:55","guid":{"rendered":"http:\/\/www.bambergorthodox.de\/?page_id=3137"},"modified":"2024-03-08T08:39:43","modified_gmt":"2024-03-08T07:39:43","slug":"mos-craciun-7","status":"publish","type":"page","link":"https:\/\/www.bambergorthodox.de\/?page_id=3137","title":{"rendered":"Mo\u0219 Cr\u0103ciun"},"content":{"rendered":"&#8221;Mo\u015f Cr\u0103ciun cu plete dalbe<br \/>\nA sosit de prin n\u0103me\u0163i<br \/>\n\u015ei aduce daruri multe<br \/>\nLa feti\u0163e \u015fi b\u0103ie\u0163i&#8221;<\/p>\n<p>&nbsp;<\/p>\n<p>Partitura, cor mixt (pdf): <a href=\"https:\/\/www.bambergorthodox.de\/wp-content\/uploads\/2024\/03\/Mos-Craciun.pdf\">Mo\u0219 Cr\u0103ciun<\/a><\/p>\n<p>Voci (mp3): <a href=\"https:\/\/www.bambergorthodox.de\/wp-content\/uploads\/2017\/10\/Mos-Craciun-1.mp3\">sopran<\/a>, <a href=\"https:\/\/www.bambergorthodox.de\/wp-content\/uploads\/2017\/10\/Mos-Craciun-2.mp3\">alto<\/a>, <a href=\"https:\/\/www.bambergorthodox.de\/wp-content\/uploads\/2017\/10\/Mos-Craciun-3.mp3\">tenor<\/a>, <a href=\"https:\/\/www.bambergorthodox.de\/wp-content\/uploads\/2017\/10\/Mos-Craciun-4.mp3\">bas<\/a>, <a href=\"https:\/\/www.bambergorthodox.de\/wp-content\/uploads\/2017\/10\/Mos-Craciun.mp3\">cor mixt<\/a><\/p>\n<p>Surs\u0103 Lilypond (ly): <a href=\"https:\/\/www.bambergorthodox.de\/wp-content\/uploads\/2024\/03\/Mos-Craciun.zip\">Mo\u0219 Cr\u0103ciun<\/a>","protected":false},"excerpt":{"rendered":"<p>&#8221;Mo\u015f Cr\u0103ciun cu plete dalbe A sosit de prin n\u0103me\u0163i \u015ei aduce daruri multe La feti\u0163e \u015fi b\u0103ie\u0163i&#8221; &nbsp; Partitura, cor mixt (pdf): Mo\u0219 Cr\u0103ciun Voci (mp3): sopran, alto, tenor, bas, cor mixt Surs\u0103 Lilypond (ly): Mo\u0219 Cr\u0103ciun<\/p>\n","protected":false},"author":2,"featured_media":0,"parent":0,"menu_order":0,"comment_status":"closed","ping_status":"closed","template":"","meta":{"jetpack_post_was_ever_published":false,"footnotes":""},"class_list":["post-3137","page","type-page","status-publish"],"jetpack_sharing_enabled":true,"jetpack_shortlink":"https:\/\/wp.me\/P93ZOd-OB","_links":{"self":[{"href":"https:\/\/www.bambergorthodox.de\/index.php?rest_route=\/wp\/v2\/pages\/3137","targetHints":{"allow":["GET"]}}],"collection":[{"href":"https:\/\/www.bambergorthodox.de\/index.php?rest_route=\/wp\/v2\/pages"}],"about":[{"href":"https:\/\/www.bambergorthodox.de\/index.php?rest_route=\/wp\/v2\/types\/page"}],"author":[{"embeddable":true,"href":"https:\/\/www.bambergorthodox.de\/index.php?rest_route=\/wp\/v2\/users\/2"}],"replies":[{"embeddable":true,"href":"https:\/\/www.bambergorthodox.de\/index.php?rest_route=%2Fwp%2Fv2%2Fcomments&post=3137"}],"version-history":[{"count":3,"href":"https:\/\/www.bambergorthodox.de\/index.php?rest_route=\/wp\/v2\/pages\/3137\/revisions"}],"predecessor-version":[{"id":6859,"href":"https:\/\/www.bambergorthodox.de\/index.php?rest_route=\/wp\/v2\/pages\/3137\/revisions\/6859"}],"wp:attachment":[{"href":"https:\/\/www.bambergorthodox.de\/index.php?rest_route=%2Fwp%2Fv2%2Fmedia&parent=3137"}],"curies":[{"name":"wp","href":"https:\/\/api.w.org\/{rel}","templated":true}]}}