{"id":3007,"date":"2017-09-20T09:53:13","date_gmt":"2017-09-20T07:53:13","guid":{"rendered":"http:\/\/www.bambergorthodox.de\/?page_id=3007"},"modified":"2024-03-06T20:43:47","modified_gmt":"2024-03-06T19:43:47","slug":"buna-dimineata-la-mos-ajun","status":"publish","type":"page","link":"https:\/\/www.bambergorthodox.de\/?page_id=3007","title":{"rendered":"Bun\u0103 diminea\u021ba la Mo\u0219 Ajun"},"content":{"rendered":"&#8221;Bun\u0103 diminea\u021ba la Mo\u0219 Ajun!<br \/>\nNe da\u021bi, ori nu ne da\u021bi?<br \/>\nAm venit \u0219i noi o dat\u0103<br \/>\nLa un an cu s\u0103n\u0103tate<br \/>\nDomnul sf\u00e2nt s\u0103 ne ajute<br \/>\nLa covrigi \u0219i la nuci multe!&#8221;<\/p>\n<p>&nbsp;<\/p>\n<p>Partitura, cor mixt (pdf): <a href=\"https:\/\/www.bambergorthodox.de\/wp-content\/uploads\/2024\/02\/Buna-dimineata.pdf\">Bun\u0103 diminea\u021ba la Mo\u0219 Ajun<\/a><\/p>\n<p>Voci (mp3): <a href=\"https:\/\/www.bambergorthodox.de\/wp-content\/uploads\/2017\/09\/Buna-dimineata-1.mp3\">sopran<\/a>, <a href=\"https:\/\/www.bambergorthodox.de\/wp-content\/uploads\/2017\/09\/Buna-dimineata-2.mp3\">alto<\/a>, <a href=\"https:\/\/www.bambergorthodox.de\/wp-content\/uploads\/2017\/09\/Buna-dimineata-3.mp3\">tenor<\/a>, <a href=\"https:\/\/www.bambergorthodox.de\/wp-content\/uploads\/2017\/09\/Buna-dimineata-4.mp3\">bas<\/a>, <a href=\"https:\/\/www.bambergorthodox.de\/wp-content\/uploads\/2017\/09\/Buna-dimineata.mp3\">cor mixt<\/a><\/p>\n<p>Surs\u0103 Lilypond (ly): <a href=\"https:\/\/www.bambergorthodox.de\/wp-content\/uploads\/2024\/02\/Buna-dimineata.zip\">Bun\u0103 diminea\u021ba la Mo\u0219 Ajun<\/a>","protected":false},"excerpt":{"rendered":"<p>&#8221;Bun\u0103 diminea\u021ba la Mo\u0219 Ajun! Ne da\u021bi, ori nu ne da\u021bi? Am venit \u0219i noi o dat\u0103 La un an cu s\u0103n\u0103tate Domnul sf\u00e2nt s\u0103 ne ajute La covrigi \u0219i la nuci multe!&#8221; &nbsp; Partitura, cor mixt (pdf): Bun\u0103 diminea\u021ba la Mo\u0219 Ajun Voci (mp3): sopran, alto, tenor, bas, cor mixt Surs\u0103 Lilypond (ly): Bun\u0103 &#8230; <a class=\"read-more\" href=\"https:\/\/www.bambergorthodox.de\/?page_id=3007\">Read more&#8230;<\/a><\/p>\n","protected":false},"author":2,"featured_media":0,"parent":0,"menu_order":0,"comment_status":"closed","ping_status":"closed","template":"","meta":{"jetpack_post_was_ever_published":false,"footnotes":""},"class_list":["post-3007","page","type-page","status-publish"],"jetpack_sharing_enabled":true,"jetpack_shortlink":"https:\/\/wp.me\/P93ZOd-Mv","_links":{"self":[{"href":"https:\/\/www.bambergorthodox.de\/index.php?rest_route=\/wp\/v2\/pages\/3007","targetHints":{"allow":["GET"]}}],"collection":[{"href":"https:\/\/www.bambergorthodox.de\/index.php?rest_route=\/wp\/v2\/pages"}],"about":[{"href":"https:\/\/www.bambergorthodox.de\/index.php?rest_route=\/wp\/v2\/types\/page"}],"author":[{"embeddable":true,"href":"https:\/\/www.bambergorthodox.de\/index.php?rest_route=\/wp\/v2\/users\/2"}],"replies":[{"embeddable":true,"href":"https:\/\/www.bambergorthodox.de\/index.php?rest_route=%2Fwp%2Fv2%2Fcomments&post=3007"}],"version-history":[{"count":4,"href":"https:\/\/www.bambergorthodox.de\/index.php?rest_route=\/wp\/v2\/pages\/3007\/revisions"}],"predecessor-version":[{"id":6777,"href":"https:\/\/www.bambergorthodox.de\/index.php?rest_route=\/wp\/v2\/pages\/3007\/revisions\/6777"}],"wp:attachment":[{"href":"https:\/\/www.bambergorthodox.de\/index.php?rest_route=%2Fwp%2Fv2%2Fmedia&parent=3007"}],"curies":[{"name":"wp","href":"https:\/\/api.w.org\/{rel}","templated":true}]}}