{"id":2995,"date":"2017-09-20T08:18:47","date_gmt":"2017-09-20T06:18:47","guid":{"rendered":"http:\/\/www.bambergorthodox.de\/?page_id=2995"},"modified":"2024-03-06T20:40:06","modified_gmt":"2024-03-06T19:40:06","slug":"am-plecat-sa-colindam","status":"publish","type":"page","link":"https:\/\/www.bambergorthodox.de\/?page_id=2995","title":{"rendered":"Am plecat s\u0103 colind\u0103m"},"content":{"rendered":"<div>&#8222;Am plecat s\u0103 colind\u0103m,<br \/>\nDomn, domn s\u0103-n\u0103l\u0163\u0103m,<br \/>\nC\u00e2nd boierii nu-s acas\u0103,<br \/>\nDomn, domn s\u0103-n\u0103l\u0163\u0103m.&#8221;<\/div>\n<p>&nbsp;<\/p>\n<p>Partitura, cor mixt (pdf): <a href=\"https:\/\/www.bambergorthodox.de\/wp-content\/uploads\/2024\/02\/Domn-sa.pdf\">Am plecat s\u0103 colind\u0103m<\/a><\/p>\n<p>Voci (mp3): <a href=\"https:\/\/www.bambergorthodox.de\/wp-content\/uploads\/2017\/09\/Domn-sa-1.mp3\">sopran<\/a>, <a href=\"https:\/\/www.bambergorthodox.de\/wp-content\/uploads\/2017\/09\/Domn-sa-2.mp3\">alto<\/a>, <a href=\"https:\/\/www.bambergorthodox.de\/wp-content\/uploads\/2017\/09\/Domn-sa-3.mp3\">bariton<\/a>, <a href=\"https:\/\/www.bambergorthodox.de\/wp-content\/uploads\/2017\/09\/Domn-sa.mp3\">cor mixt<\/a><\/p>\n<p>Surs\u0103 Lilypond (ly): <a href=\"https:\/\/www.bambergorthodox.de\/wp-content\/uploads\/2024\/02\/Domn-sa.zip\">Am plecat s\u0103 colind\u0103m<\/a>","protected":false},"excerpt":{"rendered":"<p>&#8222;Am plecat s\u0103 colind\u0103m, Domn, domn s\u0103-n\u0103l\u0163\u0103m, C\u00e2nd boierii nu-s acas\u0103, Domn, domn s\u0103-n\u0103l\u0163\u0103m.&#8221; &nbsp; Partitura, cor mixt (pdf): Am plecat s\u0103 colind\u0103m Voci (mp3): sopran, alto, bariton, cor mixt Surs\u0103 Lilypond (ly): Am plecat s\u0103 colind\u0103m<\/p>\n","protected":false},"author":2,"featured_media":0,"parent":0,"menu_order":0,"comment_status":"closed","ping_status":"closed","template":"","meta":{"jetpack_post_was_ever_published":false,"footnotes":""},"class_list":["post-2995","page","type-page","status-publish"],"jetpack_sharing_enabled":true,"jetpack_shortlink":"https:\/\/wp.me\/P93ZOd-Mj","_links":{"self":[{"href":"https:\/\/www.bambergorthodox.de\/index.php?rest_route=\/wp\/v2\/pages\/2995","targetHints":{"allow":["GET"]}}],"collection":[{"href":"https:\/\/www.bambergorthodox.de\/index.php?rest_route=\/wp\/v2\/pages"}],"about":[{"href":"https:\/\/www.bambergorthodox.de\/index.php?rest_route=\/wp\/v2\/types\/page"}],"author":[{"embeddable":true,"href":"https:\/\/www.bambergorthodox.de\/index.php?rest_route=\/wp\/v2\/users\/2"}],"replies":[{"embeddable":true,"href":"https:\/\/www.bambergorthodox.de\/index.php?rest_route=%2Fwp%2Fv2%2Fcomments&post=2995"}],"version-history":[{"count":3,"href":"https:\/\/www.bambergorthodox.de\/index.php?rest_route=\/wp\/v2\/pages\/2995\/revisions"}],"predecessor-version":[{"id":6775,"href":"https:\/\/www.bambergorthodox.de\/index.php?rest_route=\/wp\/v2\/pages\/2995\/revisions\/6775"}],"wp:attachment":[{"href":"https:\/\/www.bambergorthodox.de\/index.php?rest_route=%2Fwp%2Fv2%2Fmedia&parent=2995"}],"curies":[{"name":"wp","href":"https:\/\/api.w.org\/{rel}","templated":true}]}}