{"id":2356,"date":"2017-04-11T13:59:55","date_gmt":"2017-04-11T11:59:55","guid":{"rendered":"http:\/\/www.bambergorthodox.de\/?page_id=2356"},"modified":"2022-02-23T10:26:26","modified_gmt":"2022-02-23T09:26:26","slug":"taina-spovedaniei","status":"publish","type":"page","link":"https:\/\/www.bambergorthodox.de\/?page_id=2356","title":{"rendered":"Sf. Spovedanie"},"content":{"rendered":"<strong>Spovedania<\/strong>\u00a0sau\u00a0<strong>m\u0103rturisirea<\/strong>\u00a0sau\u00a0<strong>poc\u0103in\u021ba<\/strong>\u00a0este una din cele 7\u00a0Sfinte Taine\u00a0ale Bisericii Ortodoxe.<\/p>\n<p>Taina M\u0103rturisirii sau a Spovedaniei, este una din cele \u0219apte Taine \u0219i cuprinde patru p\u0103r\u021bi.<\/p>\n<p><em>Prima parte<\/em> este durerea inimii pentru\u00a0p\u0103cate. S\u0103-i par\u0103 r\u0103u \u0219i s\u0103 pl\u00e2ng\u0103 pentru p\u0103catul prin care a sup\u0103rat pe Dumnezeu.<\/p>\n<p><em>A doua<\/em> este spovedania prin viu grai la duhovnic.<\/p>\n<p><em>A treia<\/em> este facerea\u00a0canonului, prin hot\u0103r\u00e2rea \u00een fa\u021ba\u00a0preotului\u00a0c\u0103-l va face.<\/p>\n<p><em>A patra<\/em> parte, cheia Sfintei Spovedanii, este dezlegarea p\u0103catelor, prin punerea m\u00e2inilor preotului pe capul credinciosului. Acesta, dup\u0103 canonul 8 al\u00a0Sinodului I Ecumenic, se nume\u0219te epicleza duhovniciei, adic\u0103 venirea\u00a0Duhului Sf\u00e2nt\u00a0peste capul celui ce s-a m\u0103rturisit curat. C\u0103 nu se poate \u00eencheia taina Sfintei Spovedanii, dec\u00e2t atunci c\u00e2nd a pus preotul m\u00e2na pe capul celui ce se m\u0103rturise\u0219te, dup\u0103 cum\u00a0arhiereul\u00a0pune m\u00e2na pe capul\u00a0diaconului\u00a0sau al preotului, c\u00e2nd \u00eel hirotone\u0219te \u0219i vine Duhul Sf\u00e2nt prin succesiune\u00a0apostolic\u0103. Deci, la fel \u0219i aici, Duhul Sf\u00e2nt vine prin m\u00e2n\u0103 preotului, s\u0103 dezlege sufletul care s-a spovedit.<\/p>\n<p><a href=\"https:\/\/ro.orthodoxwiki.org\/Spovedania#Necesitatea_spovedaniei\" target=\"_blank\" rel=\"noopener\"><strong>Necesitatea, valoarea \u0219i condi\u021biile spovedaniei<\/strong><\/a><\/p>\n<p><a href=\"https:\/\/ro.orthodoxwiki.org\/Spovedania#Canonul\" target=\"_blank\" rel=\"noopener\"><strong>Canonul<\/strong><\/a><\/p>\n<p><a href=\"https:\/\/ro.orthodoxwiki.org\/Spovedania#Spovedania_general.C4.83\" target=\"_blank\" rel=\"noopener\"><strong>Spovedania general\u0103 \u0219i\u00a0<\/strong><strong>Spovedania deas\u0103<\/strong><\/a><\/p>\n<p><a href=\"https:\/\/ro.orthodoxwiki.org\/Spovedania#Lista_de_p.C4.83cate\" target=\"_blank\" rel=\"noopener\"><strong>Lista de p\u0103cate<\/strong><\/a> conform\u0103 \u00cendreptarului de Spovedanie <sup id=\"cite_ref-1\" class=\"reference\"><\/sup>cre\u0219tin-ortodox, \u00eentocmit de p\u0103rintele Ilie Cleopa<\/p>\n<p>Sursa: <a href=\"https:\/\/ro.orthodoxwiki.org\/Pagina_principal\u0103\" target=\"_blank\" rel=\"noopener\">ro.orthodox.wiki.org<\/a>","protected":false},"excerpt":{"rendered":"<p>Spovedania\u00a0sau\u00a0m\u0103rturisirea\u00a0sau\u00a0poc\u0103in\u021ba\u00a0este una din cele 7\u00a0Sfinte Taine\u00a0ale Bisericii Ortodoxe. Taina M\u0103rturisirii sau a Spovedaniei, este una din cele \u0219apte Taine \u0219i cuprinde patru p\u0103r\u021bi. Prima parte este durerea inimii pentru\u00a0p\u0103cate. S\u0103-i par\u0103 r\u0103u \u0219i s\u0103 pl\u00e2ng\u0103 pentru p\u0103catul prin care a sup\u0103rat pe Dumnezeu. A doua este spovedania prin viu grai la duhovnic. A treia este &#8230; <a class=\"read-more\" href=\"https:\/\/www.bambergorthodox.de\/?page_id=2356\">Read more&#8230;<\/a><\/p>\n","protected":false},"author":1,"featured_media":0,"parent":0,"menu_order":0,"comment_status":"closed","ping_status":"closed","template":"","meta":{"jetpack_post_was_ever_published":false,"footnotes":""},"class_list":["post-2356","page","type-page","status-publish"],"jetpack_sharing_enabled":true,"jetpack_shortlink":"https:\/\/wp.me\/P93ZOd-C0","_links":{"self":[{"href":"https:\/\/www.bambergorthodox.de\/index.php?rest_route=\/wp\/v2\/pages\/2356","targetHints":{"allow":["GET"]}}],"collection":[{"href":"https:\/\/www.bambergorthodox.de\/index.php?rest_route=\/wp\/v2\/pages"}],"about":[{"href":"https:\/\/www.bambergorthodox.de\/index.php?rest_route=\/wp\/v2\/types\/page"}],"author":[{"embeddable":true,"href":"https:\/\/www.bambergorthodox.de\/index.php?rest_route=\/wp\/v2\/users\/1"}],"replies":[{"embeddable":true,"href":"https:\/\/www.bambergorthodox.de\/index.php?rest_route=%2Fwp%2Fv2%2Fcomments&post=2356"}],"version-history":[{"count":4,"href":"https:\/\/www.bambergorthodox.de\/index.php?rest_route=\/wp\/v2\/pages\/2356\/revisions"}],"predecessor-version":[{"id":4871,"href":"https:\/\/www.bambergorthodox.de\/index.php?rest_route=\/wp\/v2\/pages\/2356\/revisions\/4871"}],"wp:attachment":[{"href":"https:\/\/www.bambergorthodox.de\/index.php?rest_route=%2Fwp%2Fv2%2Fmedia&parent=2356"}],"curies":[{"name":"wp","href":"https:\/\/api.w.org\/{rel}","templated":true}]}}