{"id":2145,"date":"2017-03-17T07:49:00","date_gmt":"2017-03-17T06:49:00","guid":{"rendered":"http:\/\/www.bambergorthodox.de\/?page_id=2145"},"modified":"2024-03-08T19:55:16","modified_gmt":"2024-03-08T18:55:16","slug":"cuvine-se-cu-adevarat-i-popescu-pasarea","status":"publish","type":"page","link":"https:\/\/www.bambergorthodox.de\/?page_id=2145","title":{"rendered":"Cuvine-se cu adev\u0103rat (gl. 5) &#8211; I. Popescu-Pas\u0103rea"},"content":{"rendered":"&#8221;Cuvine-se cu adev\u0103rat s\u0103 te fericim, N\u0103sc\u0103toare de Dumnezeu, cea puru\u00adrea fe\u00adricit\u0103 \u0219i prea nevinovat\u0103 \u0219i Maica Dumne\u00adzeului nostru. Ceea ce e\u0219ti mai cinstit\u0103 dec\u00e2t heruvimii \u0219i mai m\u0103rit\u0103 f\u0103r\u0103 de ase\u00adm\u0103nare dec\u00e2t serafimii, ca\u00adre f\u0103r\u0103 stri\u00adc\u0103\u00adciune pe Dumnezeu Cu\u00adv\u00e2ntul ai n\u0103scut, pe tine, cea cu ade\u00adv\u0103rat N\u0103s\u00adc\u0103toare de Dumnezeu, te m\u0103rim.&#8221;<\/p>\n<p>Partitura, cor mixt (pdf): <a href=\"https:\/\/www.bambergorthodox.de\/wp-content\/uploads\/2024\/03\/Axion.pdf\">Cuvine-se cu adev\u0103rat<\/a><\/p>\n<p>Voci (mp3): <a href=\"https:\/\/www.bambergorthodox.de\/wp-content\/uploads\/2017\/03\/Axion-1.mp3\">sopran<\/a>, <a href=\"https:\/\/www.bambergorthodox.de\/wp-content\/uploads\/2017\/03\/Axion-2.mp3\">alto<\/a>, <a href=\"https:\/\/www.bambergorthodox.de\/wp-content\/uploads\/2017\/03\/Axion-3.mp3\">tenor<\/a>, <a href=\"https:\/\/www.bambergorthodox.de\/wp-content\/uploads\/2017\/03\/Axion-4.mp3\">bas<\/a>, <a href=\"https:\/\/www.bambergorthodox.de\/wp-content\/uploads\/2017\/03\/Axion.mp3\">cor mixt<\/a><\/p>\n<p>Surs\u0103 Lilypond (ly): <a href=\"https:\/\/www.bambergorthodox.de\/wp-content\/uploads\/2024\/03\/Axion.zip\">Cuvine-se cu adev\u0103rat<\/a>","protected":false},"excerpt":{"rendered":"<p>&#8221;Cuvine-se cu adev\u0103rat s\u0103 te fericim, N\u0103sc\u0103toare de Dumnezeu, cea puru\u00adrea fe\u00adricit\u0103 \u0219i prea nevinovat\u0103 \u0219i Maica Dumne\u00adzeului nostru. Ceea ce e\u0219ti mai cinstit\u0103 dec\u00e2t heruvimii \u0219i mai m\u0103rit\u0103 f\u0103r\u0103 de ase\u00adm\u0103nare dec\u00e2t serafimii, ca\u00adre f\u0103r\u0103 stri\u00adc\u0103\u00adciune pe Dumnezeu Cu\u00adv\u00e2ntul ai n\u0103scut, pe tine, cea cu ade\u00adv\u0103rat N\u0103s\u00adc\u0103toare de Dumnezeu, te m\u0103rim.&#8221; Partitura, cor mixt &#8230; <a class=\"read-more\" href=\"https:\/\/www.bambergorthodox.de\/?page_id=2145\">Read more&#8230;<\/a><\/p>\n","protected":false},"author":2,"featured_media":0,"parent":0,"menu_order":0,"comment_status":"closed","ping_status":"closed","template":"","meta":{"jetpack_post_was_ever_published":false,"footnotes":""},"class_list":["post-2145","page","type-page","status-publish"],"jetpack_sharing_enabled":true,"jetpack_shortlink":"https:\/\/wp.me\/P93ZOd-yB","_links":{"self":[{"href":"https:\/\/www.bambergorthodox.de\/index.php?rest_route=\/wp\/v2\/pages\/2145","targetHints":{"allow":["GET"]}}],"collection":[{"href":"https:\/\/www.bambergorthodox.de\/index.php?rest_route=\/wp\/v2\/pages"}],"about":[{"href":"https:\/\/www.bambergorthodox.de\/index.php?rest_route=\/wp\/v2\/types\/page"}],"author":[{"embeddable":true,"href":"https:\/\/www.bambergorthodox.de\/index.php?rest_route=\/wp\/v2\/users\/2"}],"replies":[{"embeddable":true,"href":"https:\/\/www.bambergorthodox.de\/index.php?rest_route=%2Fwp%2Fv2%2Fcomments&post=2145"}],"version-history":[{"count":5,"href":"https:\/\/www.bambergorthodox.de\/index.php?rest_route=\/wp\/v2\/pages\/2145\/revisions"}],"predecessor-version":[{"id":6956,"href":"https:\/\/www.bambergorthodox.de\/index.php?rest_route=\/wp\/v2\/pages\/2145\/revisions\/6956"}],"wp:attachment":[{"href":"https:\/\/www.bambergorthodox.de\/index.php?rest_route=%2Fwp%2Fv2%2Fmedia&parent=2145"}],"curies":[{"name":"wp","href":"https:\/\/api.w.org\/{rel}","templated":true}]}}