{"id":1232,"date":"2016-02-17T12:31:15","date_gmt":"2016-02-17T11:31:15","guid":{"rendered":"http:\/\/orthodoxe-kapelle.de\/?page_id=1067"},"modified":"2024-03-14T08:28:22","modified_gmt":"2024-03-14T07:28:22","slug":"sfinte-dumnezeule-gh-stephanescu-g-musicescu","status":"publish","type":"page","link":"https:\/\/www.bambergorthodox.de\/?page_id=1232","title":{"rendered":"Sfinte Dumnezeule &#8211; Gh. \u0218teph\u0103nescu \/ G. Musicescu"},"content":{"rendered":"Trisaghion vine din grecescul tris (&#8222;trei&#8221;) \u015fi hagios (&#8222;sf\u00e2nt&#8221;). La propriu, trisaghion \u00eenseamn\u0103 &#8222;sf\u00e2nt de trei ori&#8221;.<\/p>\n<p>Sfinte Dumnezeule, Sfinte Tare, Sfinte F\u0103r\u0103 de moarte, Miluie\u015fte-ne pe noi.<\/p>\n<p>Prima parte e compus\u0103 de Gheorghe \u0218teph\u0103nescu, iar cea de dup\u0103 \u201dPuternic\u201d de Gavriil Musicescu.<\/p>\n<p>Partitura, cor mixt (pdf): <a href=\"https:\/\/www.bambergorthodox.de\/wp-content\/uploads\/2024\/03\/Sfinte-D-Steph-Mus.pdf\">Sfinte Dumnezeule (Gh. \u0218teph\u0103nescu \/ G. Musicescu)<\/a><\/p>\n<p>Voci (mp3): <a href=\"https:\/\/www.bambergorthodox.de\/wp-content\/uploads\/2018\/02\/Sfinte-D-Steph-Mus-1.mp3\">sopran<\/a>, <a href=\"https:\/\/www.bambergorthodox.de\/wp-content\/uploads\/2018\/02\/Sfinte-D-Steph-Mus-2.mp3\">alto<\/a>, <a href=\"https:\/\/www.bambergorthodox.de\/wp-content\/uploads\/2018\/02\/Sfinte-D-Steph-Mus-3.mp3\">tenor<\/a>, <a href=\"https:\/\/www.bambergorthodox.de\/wp-content\/uploads\/2018\/02\/Sfinte-D-Steph-Mus-4.mp3\">bas<\/a>, <a href=\"https:\/\/www.bambergorthodox.de\/wp-content\/uploads\/2018\/02\/Sfinte-D-Steph-Mus.mp3\">cor mixt<\/a><\/p>\n<p>Surs\u0103 Lilypond (ly): <a href=\"https:\/\/www.bambergorthodox.de\/wp-content\/uploads\/2024\/03\/Sfinte-D-Steph-Mus.zip\">Sfinte Dumnezeule (Gh. \u0218teph\u0103nescu \/ G. Musicescu)<\/a>","protected":false},"excerpt":{"rendered":"<p>Trisaghion vine din grecescul tris (&#8222;trei&#8221;) \u015fi hagios (&#8222;sf\u00e2nt&#8221;). La propriu, trisaghion \u00eenseamn\u0103 &#8222;sf\u00e2nt de trei ori&#8221;. Sfinte Dumnezeule, Sfinte Tare, Sfinte F\u0103r\u0103 de moarte, Miluie\u015fte-ne pe noi. Prima parte e compus\u0103 de Gheorghe \u0218teph\u0103nescu, iar cea de dup\u0103 \u201dPuternic\u201d de Gavriil Musicescu. Partitura, cor mixt (pdf): Sfinte Dumnezeule (Gh. \u0218teph\u0103nescu \/ G. Musicescu) Voci &#8230; <a class=\"read-more\" href=\"https:\/\/www.bambergorthodox.de\/?page_id=1232\">Read more&#8230;<\/a><\/p>\n","protected":false},"author":2,"featured_media":0,"parent":0,"menu_order":0,"comment_status":"open","ping_status":"closed","template":"","meta":{"jetpack_post_was_ever_published":false,"footnotes":""},"class_list":["post-1232","page","type-page","status-publish"],"jetpack_sharing_enabled":true,"jetpack_shortlink":"https:\/\/wp.me\/P93ZOd-jS","_links":{"self":[{"href":"https:\/\/www.bambergorthodox.de\/index.php?rest_route=\/wp\/v2\/pages\/1232","targetHints":{"allow":["GET"]}}],"collection":[{"href":"https:\/\/www.bambergorthodox.de\/index.php?rest_route=\/wp\/v2\/pages"}],"about":[{"href":"https:\/\/www.bambergorthodox.de\/index.php?rest_route=\/wp\/v2\/types\/page"}],"author":[{"embeddable":true,"href":"https:\/\/www.bambergorthodox.de\/index.php?rest_route=\/wp\/v2\/users\/2"}],"replies":[{"embeddable":true,"href":"https:\/\/www.bambergorthodox.de\/index.php?rest_route=%2Fwp%2Fv2%2Fcomments&post=1232"}],"version-history":[{"count":7,"href":"https:\/\/www.bambergorthodox.de\/index.php?rest_route=\/wp\/v2\/pages\/1232\/revisions"}],"predecessor-version":[{"id":7034,"href":"https:\/\/www.bambergorthodox.de\/index.php?rest_route=\/wp\/v2\/pages\/1232\/revisions\/7034"}],"wp:attachment":[{"href":"https:\/\/www.bambergorthodox.de\/index.php?rest_route=%2Fwp%2Fv2%2Fmedia&parent=1232"}],"curies":[{"name":"wp","href":"https:\/\/api.w.org\/{rel}","templated":true}]}}