{"id":1225,"date":"2014-08-20T10:34:01","date_gmt":"2014-08-20T08:34:01","guid":{"rendered":"http:\/\/orthodoxe-kapelle.de\/?page_id=932"},"modified":"2024-03-11T17:03:18","modified_gmt":"2024-03-11T16:03:18","slug":"pe-tine-te-laudam-g-lamakin-g-musicescu","status":"publish","type":"page","link":"https:\/\/www.bambergorthodox.de\/?page_id=1225","title":{"rendered":"Pe Tine Te l\u0103ud\u0103m &#8211; G. Lamakin \/ G. Musicescu"},"content":{"rendered":"Ale Tale dintru ale Tale, \u0162ie \u00ce\u0163i aducem de toate \u015fi pentru toate,<br \/>\nPe Tine Te l\u0103ud\u0103m, pe Tine bine Te cuv\u00e2nt\u0103m, \u0162ie-\u0162i mul\u0163umim, Doamne, \u015fi ne rug\u0103m \u0162ie, Dumnezeului nostru.<\/p>\n<p>Partitura, cor mixt (pdf): <a href=\"https:\/\/www.bambergorthodox.de\/wp-content\/uploads\/2024\/03\/Pe-Tine-Te-laudam-Lama.pdf\">Pe Tine Te l\u0103ud\u0103m<\/a><\/p>\n<p>Voci (mp3): <a href=\"https:\/\/www.bambergorthodox.de\/wp-content\/uploads\/2016\/11\/Pe-Tine-Te-laudam-Lama-1.mp3\">sopran<\/a>, <a href=\"https:\/\/www.bambergorthodox.de\/wp-content\/uploads\/2016\/11\/Pe-Tine-Te-laudam-Lama-2.mp3\">alto<\/a>, <a href=\"https:\/\/www.bambergorthodox.de\/wp-content\/uploads\/2016\/11\/Pe-Tine-Te-laudam-Lama-3.mp3\">tenor<\/a>, <a href=\"https:\/\/www.bambergorthodox.de\/wp-content\/uploads\/2016\/11\/Pe-Tine-Te-laudam-Lama-4.mp3\">bas<\/a>, <a href=\"https:\/\/www.bambergorthodox.de\/wp-content\/uploads\/2016\/11\/Pe-Tine-Te-laudam-Lama.mp3\">cor mixt<\/a><\/p>\n<p>Surs\u0103 Lilypond (ly): <a href=\"https:\/\/www.bambergorthodox.de\/wp-content\/uploads\/2024\/03\/Pe-Tine-Te-laudam-Lama.zip\">Pe Tine Te l\u0103ud\u0103m<\/a>","protected":false},"excerpt":{"rendered":"<p>Ale Tale dintru ale Tale, \u0162ie \u00ce\u0163i aducem de toate \u015fi pentru toate, Pe Tine Te l\u0103ud\u0103m, pe Tine bine Te cuv\u00e2nt\u0103m, \u0162ie-\u0162i mul\u0163umim, Doamne, \u015fi ne rug\u0103m \u0162ie, Dumnezeului nostru. Partitura, cor mixt (pdf): Pe Tine Te l\u0103ud\u0103m Voci (mp3): sopran, alto, tenor, bas, cor mixt Surs\u0103 Lilypond (ly): Pe Tine Te l\u0103ud\u0103m<\/p>\n","protected":false},"author":2,"featured_media":0,"parent":0,"menu_order":0,"comment_status":"open","ping_status":"closed","template":"","meta":{"jetpack_post_was_ever_published":false,"footnotes":""},"class_list":["post-1225","page","type-page","status-publish"],"jetpack_sharing_enabled":true,"jetpack_shortlink":"https:\/\/wp.me\/P93ZOd-jL","_links":{"self":[{"href":"https:\/\/www.bambergorthodox.de\/index.php?rest_route=\/wp\/v2\/pages\/1225","targetHints":{"allow":["GET"]}}],"collection":[{"href":"https:\/\/www.bambergorthodox.de\/index.php?rest_route=\/wp\/v2\/pages"}],"about":[{"href":"https:\/\/www.bambergorthodox.de\/index.php?rest_route=\/wp\/v2\/types\/page"}],"author":[{"embeddable":true,"href":"https:\/\/www.bambergorthodox.de\/index.php?rest_route=\/wp\/v2\/users\/2"}],"replies":[{"embeddable":true,"href":"https:\/\/www.bambergorthodox.de\/index.php?rest_route=%2Fwp%2Fv2%2Fcomments&post=1225"}],"version-history":[{"count":3,"href":"https:\/\/www.bambergorthodox.de\/index.php?rest_route=\/wp\/v2\/pages\/1225\/revisions"}],"predecessor-version":[{"id":7010,"href":"https:\/\/www.bambergorthodox.de\/index.php?rest_route=\/wp\/v2\/pages\/1225\/revisions\/7010"}],"wp:attachment":[{"href":"https:\/\/www.bambergorthodox.de\/index.php?rest_route=%2Fwp%2Fv2%2Fmedia&parent=1225"}],"curies":[{"name":"wp","href":"https:\/\/api.w.org\/{rel}","templated":true}]}}