{"id":1221,"date":"2014-03-25T12:56:21","date_gmt":"2014-03-25T11:56:21","guid":{"rendered":"http:\/\/orthodoxe-kapelle.de\/?page_id=871"},"modified":"2024-03-09T16:10:26","modified_gmt":"2024-03-09T15:10:26","slug":"imnul-mirilor-musicescu","status":"publish","type":"page","link":"https:\/\/www.bambergorthodox.de\/?page_id=1221","title":{"rendered":"Imnul mirilor &#8211; Musicescu"},"content":{"rendered":"&#8221;Vino, vino din Liban, mireas\u0103; vino, buna mea; vino, deaproapea mea; vino, porumbi\u0163a mea.<br \/>\nArat\u0103-mi fa\u0163a ta \u015fi m\u0103 f\u0103 s\u0103 aud glasul t\u0103u; glasul t\u0103u e dulce \u015fi fa\u0163a ta-i frumoas\u0103.&#8221;<\/p>\n<p>&nbsp;<\/p>\n<p>Partitura, cor mixt (pdf): <a href=\"https:\/\/www.bambergorthodox.de\/wp-content\/uploads\/2024\/03\/Imnul-mirilor-Mus.pdf\">Imnul mirilor<\/a><\/p>\n<p>Voci (mp3): <a href=\"https:\/\/www.bambergorthodox.de\/wp-content\/uploads\/2016\/11\/Imnul-mirilor-Mus-1.mp3\">sopran<\/a>, <a href=\"https:\/\/www.bambergorthodox.de\/wp-content\/uploads\/2016\/11\/Imnul-mirilor-Mus-2.mp3\">alto<\/a>, <a href=\"https:\/\/www.bambergorthodox.de\/wp-content\/uploads\/2016\/11\/Imnul-mirilor-Mus-3.mp3\">tenor<\/a>, <a href=\"https:\/\/www.bambergorthodox.de\/wp-content\/uploads\/2016\/11\/Imnul-mirilor-Mus-4.mp3\">bas<\/a>, <a href=\"https:\/\/www.bambergorthodox.de\/wp-content\/uploads\/2016\/11\/Imnul-mirilor-Mus.mp3\">cor mixt<\/a><\/p>\n<p>Surs\u0103 Lilypond (ly): <a href=\"https:\/\/www.bambergorthodox.de\/wp-content\/uploads\/2024\/03\/Imnul-mirilor-Mus.zip\">Imnul mirilor<\/a>","protected":false},"excerpt":{"rendered":"<p>&#8221;Vino, vino din Liban, mireas\u0103; vino, buna mea; vino, deaproapea mea; vino, porumbi\u0163a mea. Arat\u0103-mi fa\u0163a ta \u015fi m\u0103 f\u0103 s\u0103 aud glasul t\u0103u; glasul t\u0103u e dulce \u015fi fa\u0163a ta-i frumoas\u0103.&#8221; &nbsp; Partitura, cor mixt (pdf): Imnul mirilor Voci (mp3): sopran, alto, tenor, bas, cor mixt Surs\u0103 Lilypond (ly): Imnul mirilor<\/p>\n","protected":false},"author":2,"featured_media":0,"parent":0,"menu_order":0,"comment_status":"open","ping_status":"closed","template":"","meta":{"jetpack_post_was_ever_published":false,"footnotes":""},"class_list":["post-1221","page","type-page","status-publish"],"jetpack_sharing_enabled":true,"jetpack_shortlink":"https:\/\/wp.me\/P93ZOd-jH","_links":{"self":[{"href":"https:\/\/www.bambergorthodox.de\/index.php?rest_route=\/wp\/v2\/pages\/1221","targetHints":{"allow":["GET"]}}],"collection":[{"href":"https:\/\/www.bambergorthodox.de\/index.php?rest_route=\/wp\/v2\/pages"}],"about":[{"href":"https:\/\/www.bambergorthodox.de\/index.php?rest_route=\/wp\/v2\/types\/page"}],"author":[{"embeddable":true,"href":"https:\/\/www.bambergorthodox.de\/index.php?rest_route=\/wp\/v2\/users\/2"}],"replies":[{"embeddable":true,"href":"https:\/\/www.bambergorthodox.de\/index.php?rest_route=%2Fwp%2Fv2%2Fcomments&post=1221"}],"version-history":[{"count":3,"href":"https:\/\/www.bambergorthodox.de\/index.php?rest_route=\/wp\/v2\/pages\/1221\/revisions"}],"predecessor-version":[{"id":6989,"href":"https:\/\/www.bambergorthodox.de\/index.php?rest_route=\/wp\/v2\/pages\/1221\/revisions\/6989"}],"wp:attachment":[{"href":"https:\/\/www.bambergorthodox.de\/index.php?rest_route=%2Fwp%2Fv2%2Fmedia&parent=1221"}],"curies":[{"name":"wp","href":"https:\/\/api.w.org\/{rel}","templated":true}]}}