{"id":1205,"date":"2012-09-27T11:14:19","date_gmt":"2012-09-27T09:14:19","guid":{"rendered":"http:\/\/orthodoxe-kapelle.de\/?page_id=471"},"modified":"2017-02-10T09:35:06","modified_gmt":"2017-02-10T08:35:06","slug":"cat-de-marit-varianta","status":"publish","type":"page","link":"https:\/\/www.bambergorthodox.de\/?page_id=1205","title":{"rendered":"C\u00e2t de m\u0103rit (variant\u0103)"},"content":{"rendered":"<strong>C\u00e2t de m\u0103rit este Domnul \u00een Sion<\/strong><br \/>\nNu poate limba a t\u00e2lcui.<br \/>\nMare este Domnul \u00een cer, pe tron,<br \/>\n\u015ei p\u00e2n\u0103-ntr-un fir de iarb\u0103 pe p\u0103m\u00e2nt.<br \/>\nMare e\u015fti pretutindenea, Doamne,<br \/>\nPretutindenea e\u015fti m\u0103rit,<br \/>\n\u00cen zi, \u00een noapte, cu str\u0103lucire.<\/p>\n<p>Capodopera lui Dimitri Stepanovici Bornianski (1751 &#8211; 1825), pe versurile lui N. N. Heraskov. Pentru mai multe detalii despre via\u0163a lui Bortnianski, clic <a title=\"aici\" href=\"\/cat-de-marit\">aici<\/a>.<\/p>\n<p>\u00cen semn de venera\u0163ie pentru nenum\u0103ra\u0163ii martiri cre\u015ftini, victime ale comunismului, Rug\u0103ciunea de fiecare zi a Sf\u00eentului Ierarh Filaret al Moscovei:<br \/>\nDoamne, nu \u015ftiu ce s\u0103 cer de la Tine. Tu unul \u015ftii de ce am nevoie, Tu m\u0103 iube\u015fti pe mine mai mult dec\u00eet pot s\u0103 Te iubesc eu pe Tine. P\u0103rinte, d\u0103 robului T\u0103u cele ce singur nu \u015ftie a le cere. Nu \u00eendr\u0103znesc s\u0103 cer nici cruce, nici m\u00eeng\u00eeiere: numai stau \u00eenaintea Ta. Inima mea e deschis\u0103 \u0162ie; Tu vezi trebuin\u0163ele mele pe care nu le \u015ftiu eu. Vezi \u015fi f\u0103 dup\u0103 mila Ta. Love\u015fte-m\u0103 \u015fi m\u0103 t\u0103m\u0103duie\u015fte, doboar\u0103-m\u0103 \u015fi m\u0103 ridic\u0103. M\u0103 cutremur \u015fi tac cu evlavie \u00eenaintea voin\u0163ei Tale sfinte \u015fi a c\u0103ilor Tale celor nep\u0103trunse pentru mine. M\u0103 aduc \u0162ie jertf\u0103, nu am alt\u0103 dorin\u0163\u0103 dec\u00eet numai s\u0103 fac voia Ta; \u00eenva\u0163\u0103-m\u0103 s\u0103 m\u0103 rog, singur roag\u0103-Te \u00een mine! Amin.<\/p>\n<p>Armonizarea este o variant\u0103 dup\u0103 Ioan Cartu (1820 &#8211; 1875), pe 4 voci.<\/p>\n<p>Partitura, cor mixt (pdf): <a href=\"https:\/\/www.bambergorthodox.de\/wp-content\/uploads\/2016\/12\/Cat-de-marit-var.pdf\">C\u00e2t de m\u0103rit (variant\u0103)<\/a><\/p>\n<p>Voci (mp3): <a href=\"https:\/\/www.bambergorthodox.de\/wp-content\/uploads\/2016\/12\/Cat-de-marit-var-1.mp3\">sopran<\/a>, <a href=\"https:\/\/www.bambergorthodox.de\/wp-content\/uploads\/2016\/12\/Cat-de-marit-var-2.mp3\">alto<\/a>, <a href=\"https:\/\/www.bambergorthodox.de\/wp-content\/uploads\/2016\/12\/Cat-de-marit-var-3.mp3\">tenor<\/a>, <a href=\"https:\/\/www.bambergorthodox.de\/wp-content\/uploads\/2016\/12\/Cat-de-marit-var-4.mp3\">bas<\/a>, <a href=\"https:\/\/www.bambergorthodox.de\/wp-content\/uploads\/2016\/12\/Cat-de-marit-var.mp3\">cor mixt<\/a><\/p>\n<p>Surs\u0103 Lilypond (ly): <a href=\"https:\/\/www.bambergorthodox.de\/wp-content\/uploads\/2016\/12\/Cat-de-marit-var.zip\">C\u00e2t de m\u0103rit<\/a><\/p>\n<p><a  href=\"https:\/\/www.bambergorthodox.de\/wp-content\/uploads\/2016\/12\/Cat-de-marit-var.jpg\" data-rel=\"lightbox-gallery-0\" data-rl_title=\"\" data-rl_caption=\"\"><img loading=\"lazy\" decoding=\"async\" class=\"alignnone size-full wp-image-467\" title=\"\" src=\"https:\/\/www.bambergorthodox.de\/wp-content\/uploads\/2016\/12\/Cat-de-marit-var.jpg\" alt=\"\" width=\"272\" height=\"185\" \/><\/a>","protected":false},"excerpt":{"rendered":"<p>C\u00e2t de m\u0103rit este Domnul \u00een Sion Nu poate limba a t\u00e2lcui. Mare este Domnul \u00een cer, pe tron, \u015ei p\u00e2n\u0103-ntr-un fir de iarb\u0103 pe p\u0103m\u00e2nt. Mare e\u015fti pretutindenea, Doamne, Pretutindenea e\u015fti m\u0103rit, \u00cen zi, \u00een noapte, cu str\u0103lucire. Capodopera lui Dimitri Stepanovici Bornianski (1751 &#8211; 1825), pe versurile lui N. N. Heraskov. Pentru mai &#8230; <a class=\"read-more\" href=\"https:\/\/www.bambergorthodox.de\/?page_id=1205\">Read more&#8230;<\/a><\/p>\n","protected":false},"author":2,"featured_media":0,"parent":0,"menu_order":0,"comment_status":"open","ping_status":"closed","template":"","meta":{"jetpack_post_was_ever_published":false,"footnotes":""},"class_list":["post-1205","page","type-page","status-publish"],"jetpack_sharing_enabled":true,"jetpack_shortlink":"https:\/\/wp.me\/P93ZOd-jr","_links":{"self":[{"href":"https:\/\/www.bambergorthodox.de\/index.php?rest_route=\/wp\/v2\/pages\/1205","targetHints":{"allow":["GET"]}}],"collection":[{"href":"https:\/\/www.bambergorthodox.de\/index.php?rest_route=\/wp\/v2\/pages"}],"about":[{"href":"https:\/\/www.bambergorthodox.de\/index.php?rest_route=\/wp\/v2\/types\/page"}],"author":[{"embeddable":true,"href":"https:\/\/www.bambergorthodox.de\/index.php?rest_route=\/wp\/v2\/users\/2"}],"replies":[{"embeddable":true,"href":"https:\/\/www.bambergorthodox.de\/index.php?rest_route=%2Fwp%2Fv2%2Fcomments&post=1205"}],"version-history":[{"count":6,"href":"https:\/\/www.bambergorthodox.de\/index.php?rest_route=\/wp\/v2\/pages\/1205\/revisions"}],"predecessor-version":[{"id":1738,"href":"https:\/\/www.bambergorthodox.de\/index.php?rest_route=\/wp\/v2\/pages\/1205\/revisions\/1738"}],"wp:attachment":[{"href":"https:\/\/www.bambergorthodox.de\/index.php?rest_route=%2Fwp%2Fv2%2Fmedia&parent=1205"}],"curies":[{"name":"wp","href":"https:\/\/api.w.org\/{rel}","templated":true}]}}