{"id":1186,"date":"2012-07-30T12:15:27","date_gmt":"2012-07-30T10:15:27","guid":{"rendered":"http:\/\/orthodoxe-kapelle.de\/?page_id=60"},"modified":"2024-03-05T21:41:49","modified_gmt":"2024-03-05T20:41:49","slug":"mare-esti-doamne","status":"publish","type":"page","link":"https:\/\/www.bambergorthodox.de\/?page_id=1186","title":{"rendered":"Mare e\u015fti, Doamne!"},"content":{"rendered":"<strong>Mare e\u015fti, Doamne \u015fi minunate sunt lucrurile Tale, \u015fi nici un cuv\u00e2nt nu e de ajuns spre lauda minunilor Tale!<\/strong><\/p>\n<p>Presupus\u0103 mai degrab\u0103 a fi gasit\u0103 \u00eentr-un psalm, de fapt parte a Sfintei Tradi\u0163ii, minunata laud\u0103 este atribuit\u0103 \u015fi lui Sir Isaac Newton. Marele fizician a fost timp de treizeci de ani ateu. Apoi, descoperind legea atrac\u0163iei universale, cople\u015fit, se zice c\u0103 ar fi pus aparatele pe mas\u0103 \u015fi ar fi exclamat cele de mai sus.<\/p>\n<p>Partitura, cor mixt (pdf): <a href=\"https:\/\/www.bambergorthodox.de\/wp-content\/uploads\/2024\/03\/Mare-esti-Doamne.pdf\">Mare e\u015fti, Doamne!<\/a><\/p>\n<p>Voci (mp3): <a href=\"https:\/\/www.bambergorthodox.de\/wp-content\/uploads\/2024\/03\/Mare-esti-Doamne-1.mp3\">sopran<\/a>, <a href=\"https:\/\/www.bambergorthodox.de\/wp-content\/uploads\/2024\/03\/Mare-esti-Doamne-2.mp3\">alto<\/a>, <a href=\"https:\/\/www.bambergorthodox.de\/wp-content\/uploads\/2024\/03\/Mare-esti-Doamne-3.mp3\">tenor<\/a>, <a href=\"https:\/\/www.bambergorthodox.de\/wp-content\/uploads\/2024\/03\/Mare-esti-Doamne-4.mp3\">bas<\/a>, <a href=\"https:\/\/www.bambergorthodox.de\/wp-content\/uploads\/2024\/03\/Mare-esti-Doamne.mp3\">cor mixt<\/a><\/p>\n<p>Surs\u0103 Lilypond (ly): <a href=\"https:\/\/www.bambergorthodox.de\/wp-content\/uploads\/2024\/03\/Mare-esti-Doamne.zip\">Mare e\u015fti, Doamne!<\/a>","protected":false},"excerpt":{"rendered":"<p>Mare e\u015fti, Doamne \u015fi minunate sunt lucrurile Tale, \u015fi nici un cuv\u00e2nt nu e de ajuns spre lauda minunilor Tale! Presupus\u0103 mai degrab\u0103 a fi gasit\u0103 \u00eentr-un psalm, de fapt parte a Sfintei Tradi\u0163ii, minunata laud\u0103 este atribuit\u0103 \u015fi lui Sir Isaac Newton. Marele fizician a fost timp de treizeci de ani ateu. Apoi, descoperind &#8230; <a class=\"read-more\" href=\"https:\/\/www.bambergorthodox.de\/?page_id=1186\">Read more&#8230;<\/a><\/p>\n","protected":false},"author":2,"featured_media":0,"parent":0,"menu_order":0,"comment_status":"open","ping_status":"open","template":"","meta":{"jetpack_post_was_ever_published":false,"footnotes":""},"class_list":["post-1186","page","type-page","status-publish"],"jetpack_sharing_enabled":true,"jetpack_shortlink":"https:\/\/wp.me\/P93ZOd-j8","_links":{"self":[{"href":"https:\/\/www.bambergorthodox.de\/index.php?rest_route=\/wp\/v2\/pages\/1186","targetHints":{"allow":["GET"]}}],"collection":[{"href":"https:\/\/www.bambergorthodox.de\/index.php?rest_route=\/wp\/v2\/pages"}],"about":[{"href":"https:\/\/www.bambergorthodox.de\/index.php?rest_route=\/wp\/v2\/types\/page"}],"author":[{"embeddable":true,"href":"https:\/\/www.bambergorthodox.de\/index.php?rest_route=\/wp\/v2\/users\/2"}],"replies":[{"embeddable":true,"href":"https:\/\/www.bambergorthodox.de\/index.php?rest_route=%2Fwp%2Fv2%2Fcomments&post=1186"}],"version-history":[{"count":7,"href":"https:\/\/www.bambergorthodox.de\/index.php?rest_route=\/wp\/v2\/pages\/1186\/revisions"}],"predecessor-version":[{"id":6730,"href":"https:\/\/www.bambergorthodox.de\/index.php?rest_route=\/wp\/v2\/pages\/1186\/revisions\/6730"}],"wp:attachment":[{"href":"https:\/\/www.bambergorthodox.de\/index.php?rest_route=%2Fwp%2Fv2%2Fmedia&parent=1186"}],"curies":[{"name":"wp","href":"https:\/\/api.w.org\/{rel}","templated":true}]}}